{"id":1223,"date":"2017-11-16T05:17:59","date_gmt":"2017-11-16T04:17:59","guid":{"rendered":"http:\/\/renta-hv.net\/cms-2017\/?page_id=1223"},"modified":"2021-07-20T14:14:07","modified_gmt":"2021-07-20T12:14:07","slug":"philosophie","status":"publish","type":"page","link":"https:\/\/renta-med.de\/cms-2017\/philosophie\/","title":{"rendered":"Philosophie"},"content":{"rendered":"<\/div><\/div><\/div><!-- close content main div --><\/div><\/div><div id='full_slider_1' class='avia-fullwidth-slider main_color avia-shadow   container_wrap sidebar_right'   ><div  data-size='extra_large'  data-lightbox_size='large'  data-animation='fade'  data-ids='1541,1513,1514,1483,1485'  data-video_counter='0'  data-autoplay='false'  data-bg_slider='false'  data-slide_height=''  data-handle='av_slideshow_full'  data-interval='6'  data-class=' '  data-css_id=''  data-scroll_down=''  data-control_layout='av-control-minimal'  data-custom_markup=''  data-perma_caption=''  data-autoplay_stopper=''  data-image_attachment=''  data-min_height='0px'  data-src=''  data-position='top left'  data-repeat='no-repeat'  data-attach='scroll'  data-stretch=''  data-default-height='100'  class='avia-slideshow avia-slideshow-1  av-control-minimal av-default-height-applied avia-slideshow-extra_large av_slideshow_full   avia-fade-slider '  itemscope=\"itemscope\" itemtype=\"https:\/\/schema.org\/ImageObject\" ><ul class='avia-slideshow-inner' style='padding-bottom: 25.78125%;'><li  class=' slide-1 ' ><div data-rel='slideshow-1' class='avia-slide-wrap'  ><img src='https:\/\/renta-med.de\/cms-2017\/wp-content\/uploads\/2017\/11\/renta_58a.jpg' width='768' height='198' title='renta_58a' alt=''  itemprop=\"thumbnailUrl\"   \/><\/div><\/li><li  class=' slide-2 ' ><div data-rel='slideshow-1' class='avia-slide-wrap'  ><img src='https:\/\/renta-med.de\/cms-2017\/wp-content\/uploads\/2017\/11\/DSC9940.jpg' width='768' height='198' title='DSC9940' alt=''  itemprop=\"thumbnailUrl\"   \/><\/div><\/li><li  class=' slide-3 ' ><div data-rel='slideshow-1' class='avia-slide-wrap'  ><img src='https:\/\/renta-med.de\/cms-2017\/wp-content\/uploads\/2017\/11\/renta_11p.jpg' width='768' height='198' title='renta_11p' alt=''  itemprop=\"thumbnailUrl\"   \/><\/div><\/li><li  class=' slide-4 ' ><div data-rel='slideshow-1' class='avia-slide-wrap'  ><img src='https:\/\/renta-med.de\/cms-2017\/wp-content\/uploads\/2017\/09\/renta_05p.jpg' width='768' height='198' title='renta_05p' alt=''  itemprop=\"thumbnailUrl\"   \/><\/div><\/li><li  class=' slide-5 ' ><div data-rel='slideshow-1' class='avia-slide-wrap'  ><img src='https:\/\/renta-med.de\/cms-2017\/wp-content\/uploads\/2017\/09\/renta_22p.jpg' width='768' height='198' title='renta_22p' alt=''  itemprop=\"thumbnailUrl\"   \/><\/div><\/li><\/ul><div class='avia-slideshow-arrows avia-slideshow-controls'><a href='#prev' class='prev-slide' aria-hidden='true' data-av_icon='\ue87c' data-av_iconfont='entypo-fontello'>Zur\u00fcck<\/a><a href='#next' class='next-slide' aria-hidden='true' data-av_icon='\ue87d' data-av_iconfont='entypo-fontello'>Weiter<\/a><\/div><div class='avia-slideshow-dots avia-slideshow-controls'><a href='#1' class='goto-slide active' >1<\/a><a href='#2' class='goto-slide ' >2<\/a><a href='#3' class='goto-slide ' >3<\/a><a href='#4' class='goto-slide ' >4<\/a><a href='#5' class='goto-slide ' >5<\/a><\/div><\/div><\/div>\n<\/div><\/div><\/div><!-- close content main div --><\/div><\/div><div id='av-layout-grid-1' class='av-layout-grid-container entry-content-wrapper main_color av-fixed-cells    container_wrap sidebar_right'   >\n<div class=\"flex_cell no_margin av_one_half   \" style='vertical-align:top; padding:9px 0px 0px 0px ; background-color:#9f2134; '><div class='flex_cell_inner' ><\/div><\/div><div class=\"flex_cell no_margin av_one_half   \" style='vertical-align:top; padding:9px 0px 0px 0px ; background-color:#9f2134; '><div class='flex_cell_inner' ><\/div><\/div>\n<\/div>\n<\/div><\/div><\/div><!-- close content main div --><\/div><\/div><div id='av_section_1' class='avia-section main_color avia-section-huge avia-no-border-styling avia-bg-style-scroll   container_wrap sidebar_right'   ><div class='container' ><div class='template-page content  av-content-small alpha units'><div class='post-entry post-entry-type-page post-entry-1223'><div class='entry-content-wrapper clearfix'>\n<div class='flex_column_table av-equal-height-column-flextable -flextable' style='margin-top:-200px; margin-bottom:0px; '><div class=\"flex_column av_two_third  flex_column_table_cell av-equal-height-column av-align-top first  \" style='padding:40px; background-color:#dddddd; border-radius:0; '><p><div style='padding-bottom:10px;color:#000000;font-size:25px;' class='av-special-heading av-special-heading-h2 custom-color-heading blockquote modern-quote   av-inherit-size '><h2 class='av-special-heading-tag '  itemprop=\"headline\"  >&#8230; was uns auszeichnet!<\/h2><div class='special-heading-border'><div class='special-heading-inner-border' style='border-color:#000000'><\/div><\/div><\/div><br \/>\n<div style='height:20px' class='hr hr-invisible  '><span class='hr-inner ' ><span class='hr-inner-style'><\/span><\/span><\/div><br \/>\n<section class=\"av_textblock_section \"  itemscope=\"itemscope\" itemtype=\"https:\/\/schema.org\/CreativeWork\" ><div class='avia_textblock  '   itemprop=\"text\" ><p>Wir setzen uns bei unseren \u00c4rztehaus-Projekten sehr eng mit den <strong>regionalen Voraussetzungen<\/strong> auseinander. Wir analysieren das Umfeld der Leistungstr\u00e4ger und\u00a0entwickeln ein auf den Standort abgestimmtes, zukunftsf\u00e4higes Konzept, welches die gesundheitspolitischen Rahmenbedingungen ber\u00fccksichtigt.<\/p>\n<p>Unsere <strong>langj\u00e4hrige Immobilienerfahrung<\/strong> dient als Basis f\u00fcr die medizinisch-konzeptionelle Arbeit. Unser Spezialwissen im Gesundheitswesen\u00a0b\u00fcndelt die notwendigen Kompetenzen f\u00fcr die Einrichtung von modernen Gesundheitszentren und Pflegeeinrichtungen &#8211; von der ersten Idee bis zum erfolgreichen Betrieb, <strong>alles aus einer Hand<\/strong>.<\/p>\n<p>Unsere Arbeitsweise ist durch die Einbeziehung aller am Projekt beteiligten \u00c4rzte und Therapeuten gekennzeichnet. Der Entwicklungsprozess wird in der Atmosph\u00e4re einer <strong>offenen Kommunikation<\/strong> und transparenter Entscheidungsfindung durchgef\u00fchrt. Eine hohe Qualit\u00e4t sowie ein ausgepr\u00e4gtes <strong>Kostenbewusstsein<\/strong> bei der Etablierung der Geb\u00e4udesysteme und Praxiseinrichtungen ist aufgrund der Eigentumssicherung f\u00fcr unser Unternehmen Handlungsgrundlage. Durch <strong>Termintreue<\/strong> und kooperatives, vorausschauendes Projektmanagement werden unsere Partner in einen planbaren Projektablauf integriert.<\/p>\n<p>Gesundheitszentren sind Einrichtungen, welche f\u00fcr die ambulante Versorgung gro\u00dfe regionale Bedeutung entfalten k\u00f6nnen. Die Realisierung und Unterhaltung unserer Geb\u00e4ude wird darum vorzugsweise unter Einbeziehung ans\u00e4ssiger Unternehmen vorgenommen.<\/p>\n<p><a href=\"https:\/\/renta-med.de\/cms-2017\/management\/\">RENTAmed-Management<\/a><\/p>\n<p>unsere <a href=\"https:\/\/renta-med.de\/cms-2017\/leistungsspektrum\/\">Leistungen im \u00dcberblick<\/a><\/p>\n<\/div><\/section><\/p><\/div><\/div><!--close column table wrapper. Autoclose: 1 --><div class='flex_column_table av-equal-height-column-flextable -flextable' style='margin-top:-200px; margin-bottom:0px; '><div class='av-flex-placeholder'><\/div><div class=\"flex_column av_one_third  flex_column_table_cell av-equal-height-column av-align-top   \" style='padding:40px; background-color:#9f2134; border-radius:0px; '><p><div style='padding-bottom:10px;color:#ffffff;' class='av-special-heading av-special-heading-h4 custom-color-heading    '><h4 class='av-special-heading-tag '  itemprop=\"headline\"  >DIE RENTA-GRUPPE<\/h4><div class='special-heading-border'><div class='special-heading-inner-border' style='border-color:#ffffff'><\/div><\/div><\/div><br \/>\n<section class=\"av_textblock_section \"  itemscope=\"itemscope\" itemtype=\"https:\/\/schema.org\/CreativeWork\" ><div class='avia_textblock  av_inherit_color '  style='color:#ffffff; '  itemprop=\"text\" ><p><strong>Mehr Informationen zur RENTA<\/strong><\/p>\n<ul>\n<li>Bautr\u00e4gergesellschaft: <a href=\"http:\/\/www.renta.de\/\">http:\/\/www.renta.de<\/a><\/li>\n<li>Hausverwaltung: <a href=\"http:\/\/www.renta-hv.de\/\">http:\/\/www.renta-hv.de<\/a><\/li>\n<\/ul>\n<\/div><\/section><\/p><\/div><\/div><!--close column table wrapper. Autoclose: 1 -->\n<\/div><\/div><\/div><!-- close content main div --><\/div><\/div><div id='after_section_1' class='main_color av_default_container_wrap container_wrap sidebar_right'   ><div class='container' ><div class='template-page content  av-content-small alpha units'><div class='post-entry post-entry-type-page post-entry-1223'><div class='entry-content-wrapper clearfix'>\n","protected":false},"excerpt":{"rendered":"","protected":false},"author":1,"featured_media":0,"parent":0,"menu_order":0,"comment_status":"closed","ping_status":"closed","template":"","meta":[],"_links":{"self":[{"href":"https:\/\/renta-med.de\/cms-2017\/wp-json\/wp\/v2\/pages\/1223"}],"collection":[{"href":"https:\/\/renta-med.de\/cms-2017\/wp-json\/wp\/v2\/pages"}],"about":[{"href":"https:\/\/renta-med.de\/cms-2017\/wp-json\/wp\/v2\/types\/page"}],"author":[{"embeddable":true,"href":"https:\/\/renta-med.de\/cms-2017\/wp-json\/wp\/v2\/users\/1"}],"replies":[{"embeddable":true,"href":"https:\/\/renta-med.de\/cms-2017\/wp-json\/wp\/v2\/comments?post=1223"}],"version-history":[{"count":10,"href":"https:\/\/renta-med.de\/cms-2017\/wp-json\/wp\/v2\/pages\/1223\/revisions"}],"predecessor-version":[{"id":1967,"href":"https:\/\/renta-med.de\/cms-2017\/wp-json\/wp\/v2\/pages\/1223\/revisions\/1967"}],"wp:attachment":[{"href":"https:\/\/renta-med.de\/cms-2017\/wp-json\/wp\/v2\/media?parent=1223"}],"curies":[{"name":"wp","href":"https:\/\/api.w.org\/{rel}","templated":true}]}}