{"id":1239,"date":"2017-11-16T05:36:43","date_gmt":"2017-11-16T04:36:43","guid":{"rendered":"http:\/\/renta-hv.net\/cms-2017\/?page_id=1239"},"modified":"2020-10-26T11:06:02","modified_gmt":"2020-10-26T10:06:02","slug":"leistungsspektrum","status":"publish","type":"page","link":"https:\/\/renta-med.de\/cms-2017\/leistungsspektrum\/","title":{"rendered":"Leistungsspektrum"},"content":{"rendered":"<\/div><\/div><\/div><!-- close content main div --><\/div><\/div><div id='full_slider_1' class='avia-fullwidth-slider main_color avia-shadow   container_wrap sidebar_right'   ><div  data-size='extra_large'  data-lightbox_size='large'  data-animation='fade'  data-ids='1509'  data-video_counter='0'  data-autoplay='false'  data-bg_slider='false'  data-slide_height=''  data-handle='av_slideshow_full'  data-interval='6'  data-class=' '  data-css_id=''  data-scroll_down=''  data-control_layout='av-control-minimal'  data-custom_markup=''  data-perma_caption=''  data-autoplay_stopper=''  data-image_attachment=''  data-min_height='0px'  data-src=''  data-position='top left'  data-repeat='no-repeat'  data-attach='scroll'  data-stretch=''  data-default-height='100'  class='avia-slideshow avia-slideshow-1  av-control-minimal av-default-height-applied avia-slideshow-extra_large av_slideshow_full   avia-fade-slider '  itemscope=\"itemscope\" itemtype=\"https:\/\/schema.org\/ImageObject\" ><ul class='avia-slideshow-inner' style='padding-bottom: 25.78125%;'><li  class=' av-single-slide slide-1 ' ><div data-rel='slideshow-1' class='avia-slide-wrap'  ><img src='https:\/\/renta-med.de\/cms-2017\/wp-content\/uploads\/2017\/11\/wriezen_26a.jpg' width='768' height='198' title='wriezen_26a' alt=''  itemprop=\"thumbnailUrl\"   \/><\/div><\/li><\/ul><\/div><\/div>\n<\/div><\/div><\/div><!-- close content main div --><\/div><\/div><div id='av-layout-grid-1' class='av-layout-grid-container entry-content-wrapper main_color av-fixed-cells    container_wrap sidebar_right'   >\n<div class=\"flex_cell no_margin av_one_half   \" style='vertical-align:top; padding:9px 0px 0px 0px ; background-color:#9f2134; '><div class='flex_cell_inner' ><\/div><\/div><div class=\"flex_cell no_margin av_one_half   \" style='vertical-align:top; padding:9px 0px 0px 0px ; background-color:#9f2134; '><div class='flex_cell_inner' ><\/div><\/div>\n<\/div>\n<\/div><\/div><\/div><!-- close content main div --><\/div><\/div><div id='av_section_1' class='avia-section main_color avia-section-huge avia-no-border-styling avia-bg-style-scroll   container_wrap sidebar_right'   ><div class='container' ><div class='template-page content  av-content-small alpha units'><div class='post-entry post-entry-type-page post-entry-1239'><div class='entry-content-wrapper clearfix'>\n<div class='flex_column_table av-equal-height-column-flextable -flextable' style='margin-top:-200px; margin-bottom:0px; '><div class=\"flex_column av_two_third  flex_column_table_cell av-equal-height-column av-align-top first  \" style='padding:40px; background-color:#dddddd; border-radius:0; '><p><div style='padding-bottom:10px;color:#000000;font-size:25px;' class='av-special-heading av-special-heading-h2 custom-color-heading blockquote modern-quote   av-inherit-size '><h2 class='av-special-heading-tag '  itemprop=\"headline\"  >Unser Leistungsspektrum<\/h2><div class='special-heading-border'><div class='special-heading-inner-border' style='border-color:#000000'><\/div><\/div><\/div><br \/>\n<div style='height:20px' class='hr hr-invisible  '><span class='hr-inner ' ><span class='hr-inner-style'><\/span><\/span><\/div><br \/>\n<section class=\"av_textblock_section \"  itemscope=\"itemscope\" itemtype=\"https:\/\/schema.org\/CreativeWork\" ><div class='avia_textblock  '   itemprop=\"text\" ><p>\u2026 umfasst die komplette Immobilie aus einer Hand, von der Konzeption \u00fcber Investition und Bau bis hin zur Betreuung nach der Fertigstellung.<\/p>\n<p>Sie m\u00f6chten gern selbst investieren oder haben bereits einen Partner f\u00fcr die Realisierung des Objekts? Sie besitzen eine Immobilie und brauchen Unterst\u00fctzung in der inhaltlichen und funktionalen Konzeption eines \u00c4rztehauses?<\/p>\n<p>Auch in diesem Fall stellen wir Ihnen unser Know-how gerne zur Verf\u00fcgung. Wir richten uns nach Ihrem Bedarf und erbringen auf Wunsch auch nur Teilbereiche unseres Leistungsspektrums:<\/p>\n<ul>\n<li><a href=\"https:\/\/renta-med.de\/cms-2017\/machbarkeitspruefung\/\">Machbarkeitspr\u00fcfung<\/a><\/li>\n<li><a href=\"https:\/\/renta-med.de\/cms-2017\/konzeption-planung\/\">Konzeption &amp; Planung<\/a><\/li>\n<li><a href=\"https:\/\/renta-med.de\/cms-2017\/vertragserstellung-akquise\/\">Vertragserstellung &amp; Akquise<\/a><\/li>\n<li><a href=\"https:\/\/renta-med.de\/cms-2017\/kapital-realisierung\/\">Kapitalbeschaffung &amp; Realisierung<\/a><\/li>\n<li><a href=\"https:\/\/renta-med.de\/cms-2017\/betrieb-management\/\">Betrieb &amp; Management<\/a><\/li>\n<li><a href=\"https:\/\/renta-med.de\/cms-2017\/verwaltung\/\">Hausverwaltung &amp; Geb\u00e4udemanagement<\/a><\/li>\n<\/ul>\n<p>Gestalten Sie mit uns Ihre neue Arbeitsumgebung!<\/p>\n<div class=\"art-postcontent\"><\/div>\n<\/div><\/section><\/p><\/div><\/div><!--close column table wrapper. Autoclose: 1 --><div class='flex_column_table av-equal-height-column-flextable -flextable' style='margin-top:-200px; margin-bottom:0px; '><div class='av-flex-placeholder'><\/div><div class=\"flex_column av_one_third  flex_column_table_cell av-equal-height-column av-align-top   \" style='padding:40px; background-color:#9f2134; border-radius:0px; '><p><div style='padding-bottom:10px;color:#ffffff;' class='av-special-heading av-special-heading-h4 custom-color-heading    '><h4 class='av-special-heading-tag '  itemprop=\"headline\"  >ALLES KANN, NICHTS MUSS!<\/h4><div class='special-heading-border'><div class='special-heading-inner-border' style='border-color:#ffffff'><\/div><\/div><\/div><br \/>\n<section class=\"av_textblock_section \"  itemscope=\"itemscope\" itemtype=\"https:\/\/schema.org\/CreativeWork\" ><div class='avia_textblock  av_inherit_color '  style='color:#ffffff; '  itemprop=\"text\" ><p>Jeder Standort ist anders, von den Anfangsvoraussetzungen bis zu individuellen W\u00fcnschen der Beteiligten. Wir stellen uns auf Ihren Bedarf ein und bieten das passende Leistungspaket.<\/p>\n<p>Auf Wunsch begleiten wir Sie von der ersten Idee bis zur Fertigstellung des Objekts &#8211; und auch noch dar\u00fcber hinaus. Wir k\u00f6nnen aber auch weniger.<\/p>\n<h6>Haben Sie Ideen f\u00fcr ein neues\u00a0Projekt?<\/h6>\n<p>Wir sind gespannt davon zu erfahren und mit Ihnen zu pr\u00fcfen, in welchen Bereichen wir Sie\u00a0bei der Umsetzung unterst\u00fctzen k\u00f6nnen.<\/p>\n<p><a href=\"https:\/\/renta-med.de\/cms-2017\/kontakt\/\">Ihr Kontakt zur RENTAmed<\/a><\/p>\n<\/div><\/section><\/p><\/div><\/div><!--close column table wrapper. Autoclose: 1 --><\/div><\/div><\/div><!-- close content main div --><\/div><\/div><div id='after_section_1' class='main_color av_default_container_wrap container_wrap sidebar_right'   ><div class='container' ><div class='template-page content  av-content-small alpha units'><div class='post-entry post-entry-type-page post-entry-1239'><div class='entry-content-wrapper clearfix'>\n","protected":false},"excerpt":{"rendered":"","protected":false},"author":1,"featured_media":0,"parent":0,"menu_order":0,"comment_status":"closed","ping_status":"closed","template":"","meta":[],"_links":{"self":[{"href":"https:\/\/renta-med.de\/cms-2017\/wp-json\/wp\/v2\/pages\/1239"}],"collection":[{"href":"https:\/\/renta-med.de\/cms-2017\/wp-json\/wp\/v2\/pages"}],"about":[{"href":"https:\/\/renta-med.de\/cms-2017\/wp-json\/wp\/v2\/types\/page"}],"author":[{"embeddable":true,"href":"https:\/\/renta-med.de\/cms-2017\/wp-json\/wp\/v2\/users\/1"}],"replies":[{"embeddable":true,"href":"https:\/\/renta-med.de\/cms-2017\/wp-json\/wp\/v2\/comments?post=1239"}],"version-history":[{"count":10,"href":"https:\/\/renta-med.de\/cms-2017\/wp-json\/wp\/v2\/pages\/1239\/revisions"}],"predecessor-version":[{"id":1858,"href":"https:\/\/renta-med.de\/cms-2017\/wp-json\/wp\/v2\/pages\/1239\/revisions\/1858"}],"wp:attachment":[{"href":"https:\/\/renta-med.de\/cms-2017\/wp-json\/wp\/v2\/media?parent=1239"}],"curies":[{"name":"wp","href":"https:\/\/api.w.org\/{rel}","templated":true}]}}