{"id":1249,"date":"2017-11-16T05:46:03","date_gmt":"2017-11-16T04:46:03","guid":{"rendered":"http:\/\/renta-hv.net\/cms-2017\/?page_id=1249"},"modified":"2021-07-20T14:17:32","modified_gmt":"2021-07-20T12:17:32","slug":"machbarkeitspruefung","status":"publish","type":"page","link":"https:\/\/renta-med.de\/cms-2017\/machbarkeitspruefung\/","title":{"rendered":"Machbarkeitspr\u00fcfung"},"content":{"rendered":"<\/div><\/div><\/div><!-- close content main div --><\/div><\/div><div id='full_slider_1' class='avia-fullwidth-slider main_color avia-shadow   container_wrap sidebar_right'   ><div  data-size='extra_large'  data-lightbox_size='large'  data-animation='fade'  data-ids='1250,1526'  data-video_counter='0'  data-autoplay='false'  data-bg_slider='false'  data-slide_height=''  data-handle='av_slideshow_full'  data-interval='6'  data-class=' '  data-css_id=''  data-scroll_down=''  data-control_layout='av-control-minimal'  data-custom_markup=''  data-perma_caption=''  data-autoplay_stopper=''  data-image_attachment=''  data-min_height='0px'  data-src=''  data-position='top left'  data-repeat='no-repeat'  data-attach='scroll'  data-stretch=''  data-default-height='100'  class='avia-slideshow avia-slideshow-1  av-control-minimal av-default-height-applied avia-slideshow-extra_large av_slideshow_full   avia-fade-slider '  itemscope=\"itemscope\" itemtype=\"https:\/\/schema.org\/ImageObject\" ><ul class='avia-slideshow-inner' style='padding-bottom: 25.9493670886%;'><li  class=' slide-1 ' ><div data-rel='slideshow-1' class='avia-slide-wrap'  ><img src='https:\/\/renta-med.de\/cms-2017\/wp-content\/uploads\/2017\/11\/head_wriezen_auto.jpg' width='790' height='205' title='head_wriezen_auto' alt=''  itemprop=\"thumbnailUrl\"   \/><\/div><\/li><li  class=' slide-2 ' ><div data-rel='slideshow-1' class='avia-slide-wrap'  ><img src='https:\/\/renta-med.de\/cms-2017\/wp-content\/uploads\/2017\/11\/wriezen_26a-1-1.jpg' width='768' height='198' title='wriezen_26a-1' alt=''  itemprop=\"thumbnailUrl\"   \/><\/div><\/li><\/ul><div class='avia-slideshow-arrows avia-slideshow-controls'><a href='#prev' class='prev-slide' aria-hidden='true' data-av_icon='\ue87c' data-av_iconfont='entypo-fontello'>Zur\u00fcck<\/a><a href='#next' class='next-slide' aria-hidden='true' data-av_icon='\ue87d' data-av_iconfont='entypo-fontello'>Weiter<\/a><\/div><div class='avia-slideshow-dots avia-slideshow-controls'><a href='#1' class='goto-slide active' >1<\/a><a href='#2' class='goto-slide ' >2<\/a><\/div><\/div><\/div>\n<\/div><\/div><\/div><!-- close content main div --><\/div><\/div><div id='av-layout-grid-1' class='av-layout-grid-container entry-content-wrapper main_color av-fixed-cells    container_wrap sidebar_right'   >\n<div class=\"flex_cell no_margin av_one_half   \" style='vertical-align:top; padding:9px 0px 0px 0px ; background-color:#9f2134; '><div class='flex_cell_inner' ><\/div><\/div><div class=\"flex_cell no_margin av_one_half   \" style='vertical-align:top; padding:9px 0px 0px 0px ; background-color:#9f2134; '><div class='flex_cell_inner' ><\/div><\/div>\n<\/div>\n<\/div><\/div><\/div><!-- close content main div --><\/div><\/div><div id='av_section_1' class='avia-section main_color avia-section-huge avia-no-border-styling avia-bg-style-scroll   container_wrap sidebar_right'   ><div class='container' ><div class='template-page content  av-content-small alpha units'><div class='post-entry post-entry-type-page post-entry-1249'><div class='entry-content-wrapper clearfix'>\n<div class='flex_column_table av-equal-height-column-flextable -flextable' style='margin-top:-200px; margin-bottom:0px; '><div class=\"flex_column av_two_third  flex_column_table_cell av-equal-height-column av-align-top first  \" style='padding:40px; background-color:#dddddd; border-radius:0; '><p><div style='padding-bottom:10px;color:#000000;font-size:25px;' class='av-special-heading av-special-heading-h2 custom-color-heading blockquote modern-quote   av-inherit-size '><h2 class='av-special-heading-tag '  itemprop=\"headline\"  >Machbarkeitspr\u00fcfung<\/h2><div class='special-heading-border'><div class='special-heading-inner-border' style='border-color:#000000'><\/div><\/div><\/div><br \/>\n<div style='height:20px' class='hr hr-invisible  '><span class='hr-inner ' ><span class='hr-inner-style'><\/span><\/span><\/div><br \/>\n<section class=\"av_textblock_section \"  itemscope=\"itemscope\" itemtype=\"https:\/\/schema.org\/CreativeWork\" ><div class='avia_textblock  '   itemprop=\"text\" ><div class=\"art-postheadericons art-metadata-icons\"><\/div>\n<div class=\"art-postcontent\">\n<div class=\"art-article\">\n<p>Voraussetzung f\u00fcr ein erfolgreiches \u00c4rztehaus-Projekt ist eine <strong>Iniativgruppe vor Ort<\/strong>, d.h. eine Gruppe interessierter \u00c4rzte, die sich f\u00fcr die Realisierung eines \u00c4rztehauses bzw. Gesundheitszentrums engagieren wollen. Mit dieser Initiativgruppe erarbeiten wir zun\u00e4chst eine Machbarkeitsstudie. Diese soll u.\u00a0a. aufzeigen<\/p>\n<ul>\n<li>ob ein \u00c4rztehaus an dem geplanten Standort grunds\u00e4tzlich sinnvoll ist (Einzugsgebiet, Infrastruktur, Kooperationspartner, regionale Spezialit\u00e4ten etc.) und welche Alternativen es gibt<\/li>\n<li>welche fachliche Ausrichtung und medizinische Schwerpunktbildung das Haus haben soll<\/li>\n<li>welche weiteren Akteure aus dem Gesundheitswesen als\u00a0Partner f\u00fcr das Projekt in Frage kommen (z.\u00a0B. \u00c4rzte, Therapeuten, Dienstleister)<\/li>\n<li>welche Kooperationsm\u00f6glichkeiten und -w\u00fcnsche der Beteiligten\u00a0es gibt in Bezug auf Funktionen, Fl\u00e4chen und\u00a0Organisation<\/li>\n<li>welchen Fl\u00e4chenbedarf das Geb\u00e4ude insgesamt haben muss, um die geplanten Funktionen abzubilden<\/li>\n<li>welche Baukosten zu erwarten sind und welcher Mietzins sich hieraus ableitet<\/li>\n<li>wie das Finanzierungs- und Betreibermodell aussehen soll<\/li>\n<\/ul>\n<p>Wichtig ist, die Entscheidungsgrundlage zusammen mit <strong>sachkundigen Experten<\/strong> zu erarbeiten. Auf Wunsch k\u00f6nnen wir neben Architekten auch Steuerberater und Rechtsanw\u00e4lte in das Projekt mit einbeziehen, die sich auf Kooperationsformen im Gesundheitswesen spezialisiert haben.<\/p>\n<p>Auf dieser fundierten Basis kann dann gemeinsam eine Entscheidung getroffen werden, ob es sinnvoll ist das \u00c4rztehaus zu realisieren oder nicht.<\/p>\n<p>F\u00fchrt die Machbarkeitspr\u00fcfung zu der Entscheidung das Projekt nicht zu realisieren, so ist auch das ist ein wertvolles Ergebnis: Es macht den Weg frei, die pers\u00f6nliche Entwicklung in eine andere Richtung zu orientieren.<br \/>\nweiter zu <a href=\"https:\/\/renta-med.de\/cms-2017\/konzeption-planung\/\">Konzeption &amp; Planung<\/a><\/p>\n<\/div>\n<\/div>\n<\/div><\/section><\/p><\/div><\/div><!--close column table wrapper. Autoclose: 1 --><div class='flex_column_table av-equal-height-column-flextable -flextable' style='margin-top:-200px; margin-bottom:0px; '><div class='av-flex-placeholder'><\/div><div class=\"flex_column av_one_third  flex_column_table_cell av-equal-height-column av-align-top   \" style='padding:40px; background-color:#9f2134; border-radius:0px; '><p><div style='padding-bottom:10px;color:#ffffff;' class='av-special-heading av-special-heading-h4 custom-color-heading    '><h4 class='av-special-heading-tag '  itemprop=\"headline\"  >ALLES KANN, NICHTS MUSS!<\/h4><div class='special-heading-border'><div class='special-heading-inner-border' style='border-color:#ffffff'><\/div><\/div><\/div><br \/>\n<section class=\"av_textblock_section \"  itemscope=\"itemscope\" itemtype=\"https:\/\/schema.org\/CreativeWork\" ><div class='avia_textblock  av_inherit_color '  style='color:#ffffff; '  itemprop=\"text\" ><p>Jeder Standort ist anders, von den Anfangsvoraussetzungen bis zu individuellen W\u00fcnschen der Beteiligten. Wir stellen uns auf Ihren Bedarf ein und bieten das passende Leistungspaket.<\/p>\n<p>Auf Wunsch begleiten wir Sie von der ersten Idee bis zur Fertigstellung des Objekts &#8211; und auch noch dar\u00fcber hinaus. Wir k\u00f6nnen aber auch weniger.<\/p>\n<h6>Haben Sie Ideen f\u00fcr ein neues\u00a0Projekt?<\/h6>\n<p>Wir sind gespannt davon zu erfahren und mit Ihnen zu pr\u00fcfen, in welchen Bereichen wir Sie\u00a0bei der Umsetzung unterst\u00fctzen k\u00f6nnen.<\/p>\n<p><a href=\"https:\/\/renta-med.de\/cms-2017\/kontakt\/\">Ihr Kontakt zur RENTAmed<\/a><\/p>\n<\/div><\/section><\/p><\/div><\/div><!--close column table wrapper. Autoclose: 1 -->\n<\/div><\/div><\/div><!-- close content main div --><\/div><\/div><div id='after_section_1' class='main_color av_default_container_wrap container_wrap sidebar_right'   ><div class='container' ><div class='template-page content  av-content-small alpha units'><div class='post-entry post-entry-type-page post-entry-1249'><div class='entry-content-wrapper clearfix'>\n","protected":false},"excerpt":{"rendered":"","protected":false},"author":1,"featured_media":0,"parent":0,"menu_order":0,"comment_status":"closed","ping_status":"closed","template":"","meta":[],"_links":{"self":[{"href":"https:\/\/renta-med.de\/cms-2017\/wp-json\/wp\/v2\/pages\/1249"}],"collection":[{"href":"https:\/\/renta-med.de\/cms-2017\/wp-json\/wp\/v2\/pages"}],"about":[{"href":"https:\/\/renta-med.de\/cms-2017\/wp-json\/wp\/v2\/types\/page"}],"author":[{"embeddable":true,"href":"https:\/\/renta-med.de\/cms-2017\/wp-json\/wp\/v2\/users\/1"}],"replies":[{"embeddable":true,"href":"https:\/\/renta-med.de\/cms-2017\/wp-json\/wp\/v2\/comments?post=1249"}],"version-history":[{"count":6,"href":"https:\/\/renta-med.de\/cms-2017\/wp-json\/wp\/v2\/pages\/1249\/revisions"}],"predecessor-version":[{"id":1972,"href":"https:\/\/renta-med.de\/cms-2017\/wp-json\/wp\/v2\/pages\/1249\/revisions\/1972"}],"wp:attachment":[{"href":"https:\/\/renta-med.de\/cms-2017\/wp-json\/wp\/v2\/media?parent=1249"}],"curies":[{"name":"wp","href":"https:\/\/api.w.org\/{rel}","templated":true}]}}