{"id":1315,"date":"2017-11-16T14:19:50","date_gmt":"2017-11-16T13:19:50","guid":{"rendered":"http:\/\/renta-hv.net\/cms-2017\/?page_id=1315"},"modified":"2021-07-20T13:49:12","modified_gmt":"2021-07-20T11:49:12","slug":"vertragserstellung-akquise","status":"publish","type":"page","link":"https:\/\/renta-med.de\/cms-2017\/vertragserstellung-akquise\/","title":{"rendered":"Vertragserstellung &#038; Akquise"},"content":{"rendered":"<\/div><\/div><\/div><!-- close content main div --><\/div><\/div><div id='full_slider_1' class='avia-fullwidth-slider main_color avia-shadow   container_wrap sidebar_right'   ><div  data-size='extra_large'  data-lightbox_size='large'  data-animation='fade'  data-ids='1521,1522'  data-video_counter='0'  data-autoplay='true'  data-bg_slider='false'  data-slide_height=''  data-handle='av_slideshow_full'  data-interval='6'  data-class=' '  data-css_id=''  data-scroll_down=''  data-control_layout='av-control-minimal'  data-custom_markup=''  data-perma_caption=''  data-autoplay_stopper=''  data-image_attachment=''  data-min_height='0px'  data-src=''  data-position='top left'  data-repeat='no-repeat'  data-attach='scroll'  data-stretch=''  data-default-height='100'  class='avia-slideshow avia-slideshow-1  av-control-minimal av-default-height-applied avia-slideshow-extra_large av_slideshow_full   avia-fade-slider '  itemscope=\"itemscope\" itemtype=\"https:\/\/schema.org\/ImageObject\" ><ul class='avia-slideshow-inner' style='padding-bottom: 25.78125%;'><li  class=' slide-1 ' ><div data-rel='slideshow-1' class='avia-slide-wrap'  ><img src='https:\/\/renta-med.de\/cms-2017\/wp-content\/uploads\/2017\/11\/wriezen_26a-1.jpg' width='768' height='198' title='wriezen_26a' alt=''  itemprop=\"thumbnailUrl\"   \/><\/div><\/li><li  class=' slide-2 ' ><div data-rel='slideshow-1' class='avia-slide-wrap'  ><img src='https:\/\/renta-med.de\/cms-2017\/wp-content\/uploads\/2017\/11\/renta_73p.jpg' width='768' height='198' title='renta_73p' alt=''  itemprop=\"thumbnailUrl\"   \/><\/div><\/li><\/ul><div class='avia-slideshow-arrows avia-slideshow-controls'><a href='#prev' class='prev-slide' aria-hidden='true' data-av_icon='\ue87c' data-av_iconfont='entypo-fontello'>Zur\u00fcck<\/a><a href='#next' class='next-slide' aria-hidden='true' data-av_icon='\ue87d' data-av_iconfont='entypo-fontello'>Weiter<\/a><\/div><div class='avia-slideshow-dots avia-slideshow-controls'><a href='#1' class='goto-slide active' >1<\/a><a href='#2' class='goto-slide ' >2<\/a><\/div><\/div><\/div>\n<\/div><\/div><\/div><!-- close content main div --><\/div><\/div><div id='av-layout-grid-1' class='av-layout-grid-container entry-content-wrapper main_color av-fixed-cells    container_wrap sidebar_right'   >\n<div class=\"flex_cell no_margin av_one_half   \" style='vertical-align:top; padding:9px 0px 0px 0px ; background-color:#9f2134; '><div class='flex_cell_inner' ><\/div><\/div><div class=\"flex_cell no_margin av_one_half   \" style='vertical-align:top; padding:9px 0px 0px 0px ; background-color:#9f2134; '><div class='flex_cell_inner' ><\/div><\/div>\n<\/div>\n<\/div><\/div><\/div><!-- close content main div --><\/div><\/div><div id='av_section_1' class='avia-section main_color avia-section-huge avia-no-border-styling avia-bg-style-scroll   container_wrap sidebar_right'   ><div class='container' ><div class='template-page content  av-content-small alpha units'><div class='post-entry post-entry-type-page post-entry-1315'><div class='entry-content-wrapper clearfix'>\n<div class='flex_column_table av-equal-height-column-flextable -flextable' style='margin-top:-200px; margin-bottom:0px; '><div class=\"flex_column av_two_third  flex_column_table_cell av-equal-height-column av-align-top first  \" style='padding:40px; background-color:#dddddd; border-radius:0; '><p><div style='padding-bottom:10px;color:#000000;font-size:25px;' class='av-special-heading av-special-heading-h2 custom-color-heading blockquote modern-quote   av-inherit-size '><h2 class='av-special-heading-tag '  itemprop=\"headline\"  >Vertragserstellung, Akquise <span class='special_amp'>&amp;<\/span> \u00d6ffentlichkeitsarbeit<\/h2><div class='special-heading-border'><div class='special-heading-inner-border' style='border-color:#000000'><\/div><\/div><\/div><br \/>\n<div style='height:20px' class='hr hr-invisible  '><span class='hr-inner ' ><span class='hr-inner-style'><\/span><\/span><\/div><br \/>\n<section class=\"av_textblock_section \"  itemscope=\"itemscope\" itemtype=\"https:\/\/schema.org\/CreativeWork\" ><div class='avia_textblock  '   itemprop=\"text\" ><p class=\"art-postheader\" style=\"text-align: justify;\"><span style=\"font-size: 16px;\">Neben der marktgerechten funktionalen Ausgestaltung \u00fcbernehmen wir auch die <\/span><strong style=\"font-size: 16px;\">Gewinnung geeigneter Partner und Nutzer<\/strong><span style=\"font-size: 16px;\"> der Immobilie. Hierbei bildet das zuvor erarbeitete Funktionalkonzept eine wesentliche Grundlage. Ziel sollte sein, den Menschen im Gesundheitszentrum ein umfassendes und abgestimmtes\u00a0Leistungsspektrum anzubieten. Die klassische medizinische Versorgung wird optimalerweise erg\u00e4nzt durch\u00a0verschiedene nicht-\u00e4rztliche\u00a0Angebote rund um Gesundheit, Fitness und Wohlbefinden. Wir setzen daher auf eine m\u00f6glichst <\/span><strong style=\"font-size: 16px;\">vielf\u00e4ltige Mieterstruktur<\/strong><span style=\"font-size: 16px;\"> und beziehen z.B. auch Therapeuten, gesundheitsorientierte Fitnesscenter,\u00a0Selbsthilfegruppen und Beratungseinrichtungen sowie Gesundheitsgewerbe (Apotheke, Sanit\u00e4tshaus etc.)\u00a0in die Akquise mit ein.<\/span><\/p>\n<div class=\"art-postcontent\">\n<div class=\"art-article\">\n<p style=\"text-align: justify;\">Wir erstellen entsprechende Mietvertr\u00e4ge, die &#8211; je nach Betriebskonzept &#8211; auch eine Dienstleistungskomponente enthalten k\u00f6nnen\u00a0(<strong>Miet- und Dienstleistungsvertrag<\/strong>). Wichtig ist, dass die beabsichtigten Funktionen des Hauses in die Vertr\u00e4ge aufgenommen werden, um die medizinische\u00a0Nutzung der Immobilie auch langfristig sicherzustellen.<\/p>\n<p style=\"text-align: justify;\"><img loading=\"lazy\" class=\"thumb alignleft\" src=\"http:\/\/renta-hv.net\/med\/cache\/8\/18f3dd70ddd9d82a306f9e388c592228.jpg\" alt=\"Einheitliche Au\u00dfendarstellung\" width=\"150\" height=\"101\" \/>Die Vertriebsphase begleiten wir mit professionell erarbeiteten Werbemedien und leisten die entsprechende <strong>\u00d6ffentlichkeitsarbeit<\/strong>. Wir empfehlen stets, die St\u00e4rken des Hauses durch eine geeignete gemeinsame Au\u00dfendarstellung noch besser zum Ausdruck zu bringen. Auf Wunsch stellen wir den beteiligten Leistungstr\u00e4gern das Grundger\u00fcst f\u00fcr ein <strong>modernes Corporate Design<\/strong> zur Verf\u00fcgung, welches bereits in der Vertriebsphase eingesetzt wird und so fr\u00fchzeitig zur Markenbildung beitr\u00e4gt.<\/p>\n<p style=\"text-align: justify;\">weiter zu <a href=\"https:\/\/renta-med.de\/cms-2017\/kapital-realisierung\/\">Kapitalbeschaffung &amp; Realisierung<\/a><\/p>\n<\/div>\n<\/div>\n<div class=\"art-postcontent\"><\/div>\n<div class=\"art-postcontent\"><\/div>\n<\/div><\/section><\/p><\/div><\/div><!--close column table wrapper. Autoclose: 1 --><div class='flex_column_table av-equal-height-column-flextable -flextable' style='margin-top:-200px; margin-bottom:0px; '><div class='av-flex-placeholder'><\/div><div class=\"flex_column av_one_third  flex_column_table_cell av-equal-height-column av-align-top   \" style='padding:40px; background-color:#9f2134; border-radius:0px; '><p><div style='padding-bottom:10px;color:#ffffff;' class='av-special-heading av-special-heading-h4 custom-color-heading    '><h4 class='av-special-heading-tag '  itemprop=\"headline\"  >ALLES KANN, NICHTS MUSS!<\/h4><div class='special-heading-border'><div class='special-heading-inner-border' style='border-color:#ffffff'><\/div><\/div><\/div><br \/>\n<section class=\"av_textblock_section \"  itemscope=\"itemscope\" itemtype=\"https:\/\/schema.org\/CreativeWork\" ><div class='avia_textblock  av_inherit_color '  style='color:#ffffff; '  itemprop=\"text\" ><p style=\"text-align: justify;\">Jeder Standort ist anders, von den Anfangsvoraussetzungen bis zu individuellen W\u00fcnschen der Beteiligten. Wir stellen uns auf Ihren Bedarf ein und bieten das passende Leistungspaket.<\/p>\n<p style=\"text-align: justify;\">Auf Wunsch begleiten wir Sie von der ersten Idee bis zur Fertigstellung des Objekts &#8211; und auch noch dar\u00fcber hinaus. Wir k\u00f6nnen aber auch weniger.<\/p>\n<p style=\"text-align: justify;\"><strong>Haben Sie Ideen f\u00fcr ein neues\u00a0Projekt?<\/strong><\/p>\n<p style=\"text-align: justify;\">Wir sind gespannt davon zu erfahren und mit Ihnen zu pr\u00fcfen, in welchen Bereichen wir Sie\u00a0bei der Umsetzung unterst\u00fctzen k\u00f6nnen.<\/p>\n<p style=\"text-align: justify;\"><a href=\"https:\/\/renta-med.de\/cms-2017\/kontakt\/\">Ihr Kontakt zur RENTAmed<\/a><\/p>\n<\/div><\/section><\/p><\/div><\/div><!--close column table wrapper. Autoclose: 1 -->\n<\/div><\/div><\/div><!-- close content main div --><\/div><\/div><div id='after_section_1' class='main_color av_default_container_wrap container_wrap sidebar_right'   ><div class='container' ><div class='template-page content  av-content-small alpha units'><div class='post-entry post-entry-type-page post-entry-1315'><div class='entry-content-wrapper clearfix'>\n","protected":false},"excerpt":{"rendered":"","protected":false},"author":1,"featured_media":0,"parent":0,"menu_order":0,"comment_status":"closed","ping_status":"closed","template":"","meta":[],"_links":{"self":[{"href":"https:\/\/renta-med.de\/cms-2017\/wp-json\/wp\/v2\/pages\/1315"}],"collection":[{"href":"https:\/\/renta-med.de\/cms-2017\/wp-json\/wp\/v2\/pages"}],"about":[{"href":"https:\/\/renta-med.de\/cms-2017\/wp-json\/wp\/v2\/types\/page"}],"author":[{"embeddable":true,"href":"https:\/\/renta-med.de\/cms-2017\/wp-json\/wp\/v2\/users\/1"}],"replies":[{"embeddable":true,"href":"https:\/\/renta-med.de\/cms-2017\/wp-json\/wp\/v2\/comments?post=1315"}],"version-history":[{"count":6,"href":"https:\/\/renta-med.de\/cms-2017\/wp-json\/wp\/v2\/pages\/1315\/revisions"}],"predecessor-version":[{"id":1951,"href":"https:\/\/renta-med.de\/cms-2017\/wp-json\/wp\/v2\/pages\/1315\/revisions\/1951"}],"wp:attachment":[{"href":"https:\/\/renta-med.de\/cms-2017\/wp-json\/wp\/v2\/media?parent=1315"}],"curies":[{"name":"wp","href":"https:\/\/api.w.org\/{rel}","templated":true}]}}