{"id":1389,"date":"2017-11-16T15:21:48","date_gmt":"2017-11-16T14:21:48","guid":{"rendered":"http:\/\/renta-hv.net\/cms-2017\/?page_id=1389"},"modified":"2018-05-05T19:38:36","modified_gmt":"2018-05-05T17:38:36","slug":"impressum","status":"publish","type":"page","link":"https:\/\/renta-med.de\/cms-2017\/impressum\/","title":{"rendered":"Impressum"},"content":{"rendered":"<\/div><\/div><\/div><!-- close content main div --><\/div><\/div><div id='full_slider_1' class='avia-fullwidth-slider main_color avia-shadow   container_wrap sidebar_right'   ><div  data-size='extra_large'  data-lightbox_size='large'  data-animation='fade'  data-ids='1390'  data-video_counter='0'  data-autoplay='true'  data-bg_slider='false'  data-slide_height=''  data-handle='av_slideshow_full'  data-interval='6'  data-class=' '  data-css_id=''  data-scroll_down=''  data-control_layout='av-control-minimal'  data-custom_markup=''  data-perma_caption=''  data-autoplay_stopper=''  data-image_attachment=''  data-min_height='0px'  data-src=''  data-position='top left'  data-repeat='no-repeat'  data-attach='scroll'  data-stretch=''  data-default-height='100'  class='avia-slideshow avia-slideshow-1  av-control-minimal av-default-height-applied avia-slideshow-extra_large av_slideshow_full   avia-fade-slider '  itemscope=\"itemscope\" itemtype=\"https:\/\/schema.org\/ImageObject\" ><ul class='avia-slideshow-inner' style='padding-bottom: 25.9493670886%;'><li  class=' av-single-slide slide-1 ' ><div data-rel='slideshow-1' class='avia-slide-wrap'  ><img src='https:\/\/renta-med.de\/cms-2017\/wp-content\/uploads\/2017\/11\/head_oderbruch.jpg' width='790' height='205' title='head_oderbruch' alt=''  itemprop=\"thumbnailUrl\"   \/><\/div><\/li><\/ul><\/div><\/div>\n<\/div><\/div><\/div><!-- close content main div --><\/div><\/div><div id='av-layout-grid-1' class='av-layout-grid-container entry-content-wrapper main_color av-fixed-cells    container_wrap sidebar_right'   >\n<div class=\"flex_cell no_margin av_one_half   \" style='vertical-align:top; padding:9px 0px 0px 0px ; background-color:#9f2134; '><div class='flex_cell_inner' ><\/div><\/div><div class=\"flex_cell no_margin av_one_half   \" style='vertical-align:top; padding:9px 0px 0px 0px ; background-color:#9f2134; '><div class='flex_cell_inner' ><\/div><\/div>\n<\/div>\n<\/div><\/div><\/div><!-- close content main div --><\/div><\/div><div id='av_section_1' class='avia-section main_color avia-section-huge avia-no-border-styling avia-bg-style-scroll   container_wrap sidebar_right'   ><div class='container' ><div class='template-page content  av-content-small alpha units'><div class='post-entry post-entry-type-page post-entry-1389'><div class='entry-content-wrapper clearfix'>\n<div class='flex_column_table av-equal-height-column-flextable -flextable' style='margin-top:-200px; margin-bottom:0px; '><div class=\"flex_column av_one_full  flex_column_table_cell av-equal-height-column av-align-top first  \" style='padding:40px; background-color:#dddddd; border-radius:0; '><p><div style='padding-bottom:10px;color:#000000;font-size:25px;' class='av-special-heading av-special-heading-h2 custom-color-heading blockquote modern-quote   av-inherit-size '><h2 class='av-special-heading-tag '  itemprop=\"headline\"  >Anbieter dieser Website<\/h2><div class='special-heading-border'><div class='special-heading-inner-border' style='border-color:#000000'><\/div><\/div><\/div><br \/>\n<div style='height:20px' class='hr hr-invisible  '><span class='hr-inner ' ><span class='hr-inner-style'><\/span><\/span><\/div><br \/>\n<section class=\"av_textblock_section \"  itemscope=\"itemscope\" itemtype=\"https:\/\/schema.org\/CreativeWork\" ><div class='avia_textblock  '   itemprop=\"text\" ><p><img loading=\"lazy\" class=\"alignnone size-full wp-image-1643\" src=\"https:\/\/renta-med.de\/cms-2017\/wp-content\/uploads\/2017\/11\/erecht24-siegel-impressum-rot-Kopie.jpg\" alt=\"\" width=\"120\" height=\"156\" \/><\/p>\n\r\n\r\n<h2>Angaben gem\u00e4\u00df \u00a7 5 TMG:<\/h2>\r\nRENTAmed Verwaltungsgesellschaft mbH<br>\r\nBerliner Stra\u00dfe 1<br>\r\n16259 Bad Freienwalde<br>\r\n\r\nTelefon: \u00a0\u00a0 \u00a0+49 (0) 3344 3359900<br>\r\nTelefax: \u00a0\u00a0 \u00a0+49 (0) 3344 3359999<br>\r\nE-Mail:\u00a0 \u00a0\u00a0   office@renta.de<br>\r\nInternet: \u00a0\u00a0 \u00a0www.renta-hv.de<br>\r\n<br>\r\nVertretungsberechtigte Gesch\u00e4ftsf\u00fchrer:<br>\r\nDipl.-Ing. Holger Presser, Dipl.-Ing. Gerald Stechbarth<br>\r\n<br>\r\nRegistergericht: Amtsgericht Frankfurt(Oder)<br>\r\nRegisternummer: HRB 13616 FF<br>\r\n<br>\r\nGenehmigung nach \u00a734c GewO durch die Stadt Bad Freienwalde  Gewerbeamt, Karl-Marx-Stra\u00dfe 1, 16259 Bad Freienwalde<br>\r\n\r\nInhaltlich Verantwortlicher gem\u00e4\u00df \u00a7 55 Abs. 2 RStV:<br>\r\nDipl.-Ing. Gerald Stechbarth (Anschrift wie oben)<br>\r\n<br>\r\nQuellenangaben f\u00fcr die verwendeten Bilder und Grafiken\r\n<br>\r\nSofern nicht anders angegeben, ist die RENTA-Gruppe Urheber und Eigent\u00fcmer des verwendeten Bildmaterials.\r\n<br>\r\nHeader-Fotos in den Bereichen Mieter, Hausmeister: \u00a9 Anke Jacob \/ www.anke-jacob.de\r\n<br><br>\r\nSegelboot Schweriner See: \u00a9\u00a0moritz rothacker\u00a0\/ pixelio.de\r\nSchwerin, Blick \u00fcber den Burgsee zum Schloss: \u00a9\u00a0Jetti Kuhlemann \/ pixelio.de\r\nM\u00f6ven: \u00a9\u00a0Bernd Baltromejus \/ pixelio.de<br>\r\n<br>\r\n\r\n<h2>Umsatzsteuer:<\/h2>\r\n<p>Umsatzsteuer-Identifikationsnummer gem\u00e4\u00df \u00a727 a Umsatzsteuergesetz:<br \/>\r\nDE277960523<\/p>\r\n\r\n<br>\r\n<h2>Angaben zur Berufshaftpflichtversicherung<\/h2>\r\n<p>Name und Sitz des Versicherers:<br \/>\r\nAllianz Versicherungs-AG, 10900 Berlin, AS-9047638953<br>\r\n\r\n<p>Geltungsraum der Versicherung: Deutschland<\/p>\r\n\r\n<h2>Streitschlichtung<\/h2>\r\n<p>Die Europ\u00e4ische Kommission stellt eine Plattform zur Online-Streitbeilegung (OS) bereit: <a href=\"https:\/\/ec.europa.eu\/consumers\/odr\" target=\"_blank\">https:\/\/ec.europa.eu\/consumers\/odr<\/a>.<br \/> Unsere E-Mail-Adresse finden Sie oben im Impressum.<\/p>\r\n\r\n<p>Wir sind nicht bereit oder verpflichtet, an Streitbeilegungsverfahren vor einer Verbraucherschlichtungsstelle teilzunehmen.<\/p>\r\n\r\n<h3>Haftung f\u00fcr Inhalte<\/h3> <p>Als Diensteanbieter sind wir gem\u00e4\u00df \u00a7 7 Abs.1 TMG f\u00fcr eigene Inhalte auf diesen Seiten nach den allgemeinen Gesetzen verantwortlich. Nach \u00a7\u00a7 8 bis 10 TMG sind wir als Diensteanbieter jedoch nicht verpflichtet, \u00fcbermittelte oder gespeicherte fremde Informationen zu \u00fcberwachen oder nach Umst\u00e4nden zu forschen, die auf eine rechtswidrige T\u00e4tigkeit hinweisen.<\/p> <p>Verpflichtungen zur Entfernung oder Sperrung der Nutzung von Informationen nach den allgemeinen Gesetzen bleiben hiervon unber\u00fchrt. Eine diesbez\u00fcgliche Haftung ist jedoch erst ab dem Zeitpunkt der Kenntnis einer konkreten Rechtsverletzung m\u00f6glich. Bei Bekanntwerden von entsprechenden Rechtsverletzungen werden wir diese Inhalte umgehend entfernen.<\/p> <h3>Haftung f\u00fcr Links<\/h3> <p>Unser Angebot enth\u00e4lt Links zu externen Websites Dritter, auf deren Inhalte wir keinen Einfluss haben. Deshalb k\u00f6nnen wir f\u00fcr diese fremden Inhalte auch keine Gew\u00e4hr \u00fcbernehmen. F\u00fcr die Inhalte der verlinkten Seiten ist stets der jeweilige Anbieter oder Betreiber der Seiten verantwortlich. Die verlinkten Seiten wurden zum Zeitpunkt der Verlinkung auf m\u00f6gliche Rechtsverst\u00f6\u00dfe \u00fcberpr\u00fcft. Rechtswidrige Inhalte waren zum Zeitpunkt der Verlinkung nicht erkennbar.<\/p> <p>Eine permanente inhaltliche Kontrolle der verlinkten Seiten ist jedoch ohne konkrete Anhaltspunkte einer Rechtsverletzung nicht zumutbar. Bei Bekanntwerden von Rechtsverletzungen werden wir derartige Links umgehend entfernen.<\/p> <h3>Urheberrecht<\/h3> <p>Die durch die Seitenbetreiber erstellten Inhalte und Werke auf diesen Seiten unterliegen dem deutschen Urheberrecht. Die Vervielf\u00e4ltigung, Bearbeitung, Verbreitung und jede Art der Verwertung au\u00dferhalb der Grenzen des Urheberrechtes bed\u00fcrfen der schriftlichen Zustimmung des jeweiligen Autors bzw. Erstellers. Downloads und Kopien dieser Seite sind nur f\u00fcr den privaten, nicht kommerziellen Gebrauch gestattet.<\/p> <p>Soweit die Inhalte auf dieser Seite nicht vom Betreiber erstellt wurden, werden die Urheberrechte Dritter beachtet. Insbesondere werden Inhalte Dritter als solche gekennzeichnet. Sollten Sie trotzdem auf eine Urheberrechtsverletzung aufmerksam werden, bitten wir um einen entsprechenden Hinweis. Bei Bekanntwerden von Rechtsverletzungen werden wir derartige Inhalte umgehend entfernen.<\/p>\n<\/div><\/section><\/p><\/div><\/div><!--close column table wrapper. Autoclose: 1 --><\/div><\/div><\/div><!-- close content main div --><\/div><\/div><div id='after_section_1' class='main_color av_default_container_wrap container_wrap sidebar_right'   ><div class='container' ><div class='template-page content  av-content-small alpha units'><div class='post-entry post-entry-type-page post-entry-1389'><div class='entry-content-wrapper clearfix'>\n","protected":false},"excerpt":{"rendered":"","protected":false},"author":1,"featured_media":0,"parent":0,"menu_order":0,"comment_status":"closed","ping_status":"closed","template":"","meta":[],"_links":{"self":[{"href":"https:\/\/renta-med.de\/cms-2017\/wp-json\/wp\/v2\/pages\/1389"}],"collection":[{"href":"https:\/\/renta-med.de\/cms-2017\/wp-json\/wp\/v2\/pages"}],"about":[{"href":"https:\/\/renta-med.de\/cms-2017\/wp-json\/wp\/v2\/types\/page"}],"author":[{"embeddable":true,"href":"https:\/\/renta-med.de\/cms-2017\/wp-json\/wp\/v2\/users\/1"}],"replies":[{"embeddable":true,"href":"https:\/\/renta-med.de\/cms-2017\/wp-json\/wp\/v2\/comments?post=1389"}],"version-history":[{"count":7,"href":"https:\/\/renta-med.de\/cms-2017\/wp-json\/wp\/v2\/pages\/1389\/revisions"}],"predecessor-version":[{"id":1778,"href":"https:\/\/renta-med.de\/cms-2017\/wp-json\/wp\/v2\/pages\/1389\/revisions\/1778"}],"wp:attachment":[{"href":"https:\/\/renta-med.de\/cms-2017\/wp-json\/wp\/v2\/media?parent=1389"}],"curies":[{"name":"wp","href":"https:\/\/api.w.org\/{rel}","templated":true}]}}