{"id":1546,"date":"2018-02-06T13:56:52","date_gmt":"2018-02-06T12:56:52","guid":{"rendered":"https:\/\/renta-med.de\/cms-2017\/?page_id=1546"},"modified":"2021-07-20T14:02:43","modified_gmt":"2021-07-20T12:02:43","slug":"gemeinsame-organisation","status":"publish","type":"page","link":"https:\/\/renta-med.de\/cms-2017\/gemeinsame-organisation\/","title":{"rendered":"Gemeinsame Organisation"},"content":{"rendered":"<\/div><\/div><\/div><!-- close content main div --><\/div><\/div><div id='full_slider_1' class='avia-fullwidth-slider main_color avia-shadow   container_wrap sidebar_right'   ><div  data-size='extra_large'  data-lightbox_size='large'  data-animation='fade'  data-ids='1541,1533,1521'  data-video_counter='0'  data-autoplay='false'  data-bg_slider='false'  data-slide_height=''  data-handle='av_slideshow_full'  data-interval='6'  data-class=' '  data-css_id=''  data-scroll_down=''  data-control_layout='av-control-minimal'  data-custom_markup=''  data-perma_caption=''  data-autoplay_stopper=''  data-image_attachment=''  data-min_height='0px'  data-src=''  data-position='top left'  data-repeat='no-repeat'  data-attach='scroll'  data-stretch=''  data-default-height='100'  class='avia-slideshow avia-slideshow-1  av-control-minimal av-default-height-applied avia-slideshow-extra_large av_slideshow_full   avia-fade-slider '  itemscope=\"itemscope\" itemtype=\"https:\/\/schema.org\/ImageObject\" ><ul class='avia-slideshow-inner' style='padding-bottom: 25.78125%;'><li  class=' slide-1 ' ><div data-rel='slideshow-1' class='avia-slide-wrap'  ><img src='https:\/\/renta-med.de\/cms-2017\/wp-content\/uploads\/2017\/11\/renta_58a.jpg' width='768' height='198' title='renta_58a' alt=''  itemprop=\"thumbnailUrl\"   \/><\/div><\/li><li  class=' slide-2 ' ><div data-rel='slideshow-1' class='avia-slide-wrap'  ><img src='https:\/\/renta-med.de\/cms-2017\/wp-content\/uploads\/2017\/11\/faz_gzs10.jpg' width='768' height='198' title='faz_gzs10' alt=''  itemprop=\"thumbnailUrl\"   \/><\/div><\/li><li  class=' slide-3 ' ><div data-rel='slideshow-1' class='avia-slide-wrap'  ><img src='https:\/\/renta-med.de\/cms-2017\/wp-content\/uploads\/2017\/11\/wriezen_26a-1.jpg' width='768' height='198' title='wriezen_26a' alt=''  itemprop=\"thumbnailUrl\"   \/><\/div><\/li><\/ul><div class='avia-slideshow-arrows avia-slideshow-controls'><a href='#prev' class='prev-slide' aria-hidden='true' data-av_icon='\ue87c' data-av_iconfont='entypo-fontello'>Zur\u00fcck<\/a><a href='#next' class='next-slide' aria-hidden='true' data-av_icon='\ue87d' data-av_iconfont='entypo-fontello'>Weiter<\/a><\/div><div class='avia-slideshow-dots avia-slideshow-controls'><a href='#1' class='goto-slide active' >1<\/a><a href='#2' class='goto-slide ' >2<\/a><a href='#3' class='goto-slide ' >3<\/a><\/div><\/div><\/div>\n<\/div><\/div><\/div><!-- close content main div --><\/div><\/div><div id='av-layout-grid-1' class='av-layout-grid-container entry-content-wrapper main_color av-fixed-cells    container_wrap sidebar_right'   >\n<div class=\"flex_cell no_margin av_one_half   \" style='vertical-align:top; padding:9px 0px 0px 0px ; background-color:#9f2134; '><div class='flex_cell_inner' ><\/div><\/div><div class=\"flex_cell no_margin av_one_half   \" style='vertical-align:top; padding:9px 0px 0px 0px ; background-color:#9f2134; '><div class='flex_cell_inner' ><\/div><\/div>\n<\/div>\n<\/div><\/div><\/div><!-- close content main div --><\/div><\/div><div id='av_section_1' class='avia-section main_color avia-section-huge avia-no-border-styling avia-bg-style-scroll   container_wrap sidebar_right'   ><div class='container' ><div class='template-page content  av-content-small alpha units'><div class='post-entry post-entry-type-page post-entry-1546'><div class='entry-content-wrapper clearfix'>\n<div class='flex_column_table av-equal-height-column-flextable -flextable' style='margin-top:-200px; margin-bottom:0px; '><div class=\"flex_column av_two_third  flex_column_table_cell av-equal-height-column av-align-top first  \" style='padding:40px; background-color:#dddddd; border-radius:0; '><p><div style='padding-bottom:10px;color:#000000;font-size:25px;' class='av-special-heading av-special-heading-h2 custom-color-heading blockquote modern-quote  av-inherit-size '><h2 class='av-special-heading-tag '  itemprop=\"headline\"  >Gemeinsame Organisation <span class='special_amp'>&amp;<\/span> Verwaltung<\/h2><div class='special-heading-border'><div class='special-heading-inner-border' style='border-color:#000000'><\/div><\/div><\/div><br \/>\n<div style='height:20px' class='hr hr-invisible  '><span class='hr-inner ' ><span class='hr-inner-style'><\/span><\/span><\/div><br \/>\n<section class=\"av_textblock_section \"  itemscope=\"itemscope\" itemtype=\"https:\/\/schema.org\/CreativeWork\" ><div class='avia_textblock  '   itemprop=\"text\" ><div class=\"art-postheadericons art-metadata-icons\" style=\"text-align: justify;\"><\/div>\n<div class=\"art-postcontent\">\n<div class=\"art-article\">\n<p class=\"art-postheader\" style=\"text-align: justify;\"><span style=\"font-size: 16px;\">Ein gro\u00dfer Teil der t\u00e4glichen Arbeit einer Praxis besteht mittlerweile in administrativen und organisatorischen T\u00e4tigkeiten &#8211; T\u00e4tigkeiten, die weder zur medizinischen Wertsch\u00f6pfung beitragen noch dem Patienten direkt nutzen. Die <\/span><strong style=\"font-size: 16px;\">Kooperation im Verwaltungsbereich<\/strong><span style=\"font-size: 16px;\">wie auch in der <\/span><strong style=\"font-size: 16px;\">Praxisorganisation<\/strong><span style=\"font-size: 16px;\"> bietet darum weitere Chancen. Verschiedene Aufgaben k\u00f6nnen gemeinsam organisiert und z.B. durch eine Verwaltungsgesellschaft \u00fcbernommen werden (EDV, Buchhaltung, Einkauf, Veranstaltungsmanagement etc.). So entstehen auf Seiten der Praxis neben <\/span><a style=\"font-size: 16px;\" href=\"http:\/\/renta-hv.net\/med\/index.php\/gesundheitsimmobilien\/praxiskosten-optimieren.html\">Kostenvorteilen<\/a><span style=\"font-size: 16px;\">\u00a0auch\u00a0erhebliche Zeitreserven. Die Mediziner k\u00f6nnen sich mehr auf ihre \u00e4rztliche Kernkompetenz konzentrieren, und auch dem fachlich gut ausgebildeten medizinischen Personal bleibt mehr Zeit f\u00fcr die Patientenbetreuung und -versorgung.<\/span><\/p>\n<div class=\"art-postcontent\">\n<div class=\"art-article\">\n<h3 style=\"text-align: justify;\">Gemeinsame Organisation: medizinischer Nutzen &#8230;<\/h3>\n<p style=\"text-align: justify;\">Die gemeinsame Organisation auch auf medizinischer Ebene er\u00f6ffnet nicht nur Patienten\u00a0klare Vorteile gegen\u00fcber einer Einzelpraxis:<\/p>\n<ul style=\"text-align: justify;\">\n<li>Entwicklung fach\u00fcbergreifender Behandlungskonzepte<\/li>\n<li>abgestimmte Praxis\u00f6ffnungszeiten und Terminvergabe (praxis\u00fcbergreifend)<\/li>\n<li>Verbesserung der telefonischen Erreichbarkeit durch gemeinsame Telefonhotlines<\/li>\n<li>Vermeidung von Doppeluntersuchungen sowie paralleler Behandlungsstrategien<\/li>\n<li>effizienteres Arbeiten durch kurzfristige Absprachen und schnelleren Informationsaustausch<\/li>\n<li>Entwicklung einheitlicher Service- und Qualit\u00e4tskonzepte<\/li>\n<li>Synergien statt Konkurrenz zwischen Fachrichtungen<\/li>\n<li>gegenseitiger fachlicher Transfer sowie medizinische Fortbildung f\u00fcr Patienten<\/li>\n<li>gemeinsame \u00d6ffentlichkeitsarbeit, Internetauftritt und Marketing<\/li>\n<\/ul>\n<h3 style=\"text-align: justify;\">&#8230; und neue Einnahmequellen<\/h3>\n<ul style=\"text-align: justify;\">\n<li>Direktvertr\u00e4ge mit Krankenkassen bzw. Krankenh\u00e4usern und anderen Leistungsanbietern im Sinne der integrierten Versorgung (IV)<\/li>\n<li>Entwicklung fach\u00fcbergreifender Angebote von Privatleistungen und gemeinsame Patientenansprache<\/li>\n<li>Durchf\u00fchren von Veranstaltungen etc.<\/li>\n<\/ul>\n<p style=\"text-align: justify;\">Im Ergebnis kann sich das <strong>Gesundheitszentrum als eigenst\u00e4ndige Marke<\/strong> entwickeln, die nicht nur (Privat-) Patienten, sondern auch Zuweiser, Kliniken, Krankenkassen und andere potentielle Partner kennen und sch\u00e4tzen. Der Einzelne profitiert somit von der Au\u00dfenwahrnehmung des gesamten Hauses, seiner Qualit\u00e4t und medizinischen Kompetenz insgesamt.<\/p>\n<p style=\"text-align: justify;\">weiter zu den <a href=\"http:\/\/renta-hv.net\/med\/index.php\/gesundheitsimmobilien\/praxiskosten-optimieren.html\">Kostenvorteilen einer gemeinsamen Organisation<\/a><\/p>\n<p style=\"text-align: justify;\"><a class=\"linkthumb modal\" href=\"http:\/\/renta-hv.net\/med\/images\/renta_bilder\/flaechen_klassisch_copy.gif\" target=\"_blank\" rel=\"lightbox&#091;id_96&#093; noopener\">\u00a0<\/a><\/p>\n<\/div>\n<\/div>\n<\/div>\n<\/div>\n<\/div><\/section><\/p><\/div><\/div><!--close column table wrapper. Autoclose: 1 --><div class='flex_column_table av-equal-height-column-flextable -flextable' style='margin-top:-200px; margin-bottom:0px; '><div class='av-flex-placeholder'><\/div><div class=\"flex_column av_one_third  flex_column_table_cell av-equal-height-column av-align-top   \" style='padding:40px; background-color:#9f2134; border-radius:0px; '><p><div style='padding-bottom:10px;color:#ffffff;' class='av-special-heading av-special-heading-h4 custom-color-heading    '><h4 class='av-special-heading-tag '  itemprop=\"headline\"  >ZIELE <span class='special_amp'>&amp;<\/span> CHANCEN<\/h4><div class='special-heading-border'><div class='special-heading-inner-border' style='border-color:#ffffff'><\/div><\/div><\/div><br \/>\n<section class=\"av_textblock_section \"  itemscope=\"itemscope\" itemtype=\"https:\/\/schema.org\/CreativeWork\" ><div class='avia_textblock  av_inherit_color '  style='color:#ffffff; '  itemprop=\"text\" ><ul>\n<li>optimiertes Fl\u00e4chenkonzept<\/li>\n<li>gemeinsame Funktionsbereiche<\/li>\n<li>effizienter Ressourceneinsatz<\/li>\n<li>gemeinsame Verwaltungsstrukturen<\/li>\n<li>bessere Konzentration auf die Medizin<\/li>\n<li>zus\u00e4tzliche Serviceangebote<\/li>\n<li>Wettbewerbsst\u00e4rkung<\/li>\n<li>Qualit\u00e4tsvorteile<\/li>\n<li>Steigerung des Praxiswerts<\/li>\n<\/ul>\n<\/div><\/section><\/p><\/div><\/div><!--close column table wrapper. Autoclose: 1 -->\n<\/div><\/div><\/div><!-- close content main div --><\/div><\/div><div id='after_section_1' class='main_color av_default_container_wrap container_wrap sidebar_right'   ><div class='container' ><div class='template-page content  av-content-small alpha units'><div class='post-entry post-entry-type-page post-entry-1546'><div class='entry-content-wrapper clearfix'>\n","protected":false},"excerpt":{"rendered":"","protected":false},"author":1,"featured_media":0,"parent":0,"menu_order":0,"comment_status":"closed","ping_status":"closed","template":"","meta":[],"_links":{"self":[{"href":"https:\/\/renta-med.de\/cms-2017\/wp-json\/wp\/v2\/pages\/1546"}],"collection":[{"href":"https:\/\/renta-med.de\/cms-2017\/wp-json\/wp\/v2\/pages"}],"about":[{"href":"https:\/\/renta-med.de\/cms-2017\/wp-json\/wp\/v2\/types\/page"}],"author":[{"embeddable":true,"href":"https:\/\/renta-med.de\/cms-2017\/wp-json\/wp\/v2\/users\/1"}],"replies":[{"embeddable":true,"href":"https:\/\/renta-med.de\/cms-2017\/wp-json\/wp\/v2\/comments?post=1546"}],"version-history":[{"count":3,"href":"https:\/\/renta-med.de\/cms-2017\/wp-json\/wp\/v2\/pages\/1546\/revisions"}],"predecessor-version":[{"id":1962,"href":"https:\/\/renta-med.de\/cms-2017\/wp-json\/wp\/v2\/pages\/1546\/revisions\/1962"}],"wp:attachment":[{"href":"https:\/\/renta-med.de\/cms-2017\/wp-json\/wp\/v2\/media?parent=1546"}],"curies":[{"name":"wp","href":"https:\/\/api.w.org\/{rel}","templated":true}]}}