{"id":1552,"date":"2018-02-06T14:01:07","date_gmt":"2018-02-06T13:01:07","guid":{"rendered":"https:\/\/renta-med.de\/cms-2017\/?page_id=1552"},"modified":"2021-07-20T14:01:01","modified_gmt":"2021-07-20T12:01:01","slug":"management-2","status":"publish","type":"page","link":"https:\/\/renta-med.de\/cms-2017\/management-2\/","title":{"rendered":"Management"},"content":{"rendered":"<\/div><\/div><\/div><!-- close content main div --><\/div><\/div><div id='full_slider_1' class='avia-fullwidth-slider main_color avia-shadow   container_wrap sidebar_right'   ><div  data-size='extra_large'  data-lightbox_size='large'  data-animation='fade'  data-ids='1541,1533,1531'  data-video_counter='0'  data-autoplay='false'  data-bg_slider='false'  data-slide_height=''  data-handle='av_slideshow_full'  data-interval='6'  data-class=' '  data-css_id=''  data-scroll_down=''  data-control_layout='av-control-minimal'  data-custom_markup=''  data-perma_caption=''  data-autoplay_stopper=''  data-image_attachment=''  data-min_height='0px'  data-src=''  data-position='top left'  data-repeat='no-repeat'  data-attach='scroll'  data-stretch=''  data-default-height='100'  class='avia-slideshow avia-slideshow-1  av-control-minimal av-default-height-applied avia-slideshow-extra_large av_slideshow_full   avia-fade-slider '  itemscope=\"itemscope\" itemtype=\"https:\/\/schema.org\/ImageObject\" ><ul class='avia-slideshow-inner' style='padding-bottom: 25.78125%;'><li  class=' slide-1 ' ><div data-rel='slideshow-1' class='avia-slide-wrap'  ><img src='https:\/\/renta-med.de\/cms-2017\/wp-content\/uploads\/2017\/11\/renta_58a.jpg' width='768' height='198' title='renta_58a' alt=''  itemprop=\"thumbnailUrl\"   \/><\/div><\/li><li  class=' slide-2 ' ><div data-rel='slideshow-1' class='avia-slide-wrap'  ><img src='https:\/\/renta-med.de\/cms-2017\/wp-content\/uploads\/2017\/11\/faz_gzs10.jpg' width='768' height='198' title='faz_gzs10' alt=''  itemprop=\"thumbnailUrl\"   \/><\/div><\/li><li  class=' slide-3 ' ><div data-rel='slideshow-1' class='avia-slide-wrap'  ><img src='https:\/\/renta-med.de\/cms-2017\/wp-content\/uploads\/2017\/11\/wriezen_26a-2.jpg' width='768' height='198' title='wriezen_26a-2' alt=''  itemprop=\"thumbnailUrl\"   \/><\/div><\/li><\/ul><div class='avia-slideshow-arrows avia-slideshow-controls'><a href='#prev' class='prev-slide' aria-hidden='true' data-av_icon='\ue87c' data-av_iconfont='entypo-fontello'>Zur\u00fcck<\/a><a href='#next' class='next-slide' aria-hidden='true' data-av_icon='\ue87d' data-av_iconfont='entypo-fontello'>Weiter<\/a><\/div><div class='avia-slideshow-dots avia-slideshow-controls'><a href='#1' class='goto-slide active' >1<\/a><a href='#2' class='goto-slide ' >2<\/a><a href='#3' class='goto-slide ' >3<\/a><\/div><\/div><\/div>\n<\/div><\/div><\/div><!-- close content main div --><\/div><\/div><div id='av-layout-grid-1' class='av-layout-grid-container entry-content-wrapper main_color av-fixed-cells    container_wrap sidebar_right'   >\n<div class=\"flex_cell no_margin av_one_half   \" style='vertical-align:top; padding:9px 0px 0px 0px ; background-color:#9f2134; '><div class='flex_cell_inner' ><\/div><\/div><div class=\"flex_cell no_margin av_one_half   \" style='vertical-align:top; padding:9px 0px 0px 0px ; background-color:#9f2134; '><div class='flex_cell_inner' ><\/div><\/div>\n<\/div>\n<\/div><\/div><\/div><!-- close content main div --><\/div><\/div><div id='av_section_1' class='avia-section main_color avia-section-huge avia-no-border-styling avia-bg-style-scroll   container_wrap sidebar_right'   ><div class='container' ><div class='template-page content  av-content-small alpha units'><div class='post-entry post-entry-type-page post-entry-1552'><div class='entry-content-wrapper clearfix'>\n<div class='flex_column_table av-equal-height-column-flextable -flextable' style='margin-top:-200px; margin-bottom:0px; '><div class=\"flex_column av_two_third  flex_column_table_cell av-equal-height-column av-align-top first  \" style='padding:40px; background-color:#dddddd; border-radius:0; '><p><div style='padding-bottom:10px;color:#000000;font-size:25px;' class='av-special-heading av-special-heading-h2 custom-color-heading blockquote modern-quote   av-inherit-size '><h2 class='av-special-heading-tag '  itemprop=\"headline\"  >Gemeinsames Management<\/h2><div class='special-heading-border'><div class='special-heading-inner-border' style='border-color:#000000'><\/div><\/div><\/div><br \/>\n<div style='height:20px' class='hr hr-invisible  '><span class='hr-inner ' ><span class='hr-inner-style'><\/span><\/span><\/div><br \/>\n<section class=\"av_textblock_section \"  itemscope=\"itemscope\" itemtype=\"https:\/\/schema.org\/CreativeWork\" ><div class='avia_textblock  '   itemprop=\"text\" ><div class=\"art-postheadericons art-metadata-icons\"><\/div>\n<div class=\"art-postcontent\">\n<div class=\"art-article\">\n<p style=\"text-align: justify;\">Entsprechend der\u00a0individuellen W\u00fcnsche der Beteiligten sind verschiedene Grade der Kooperation denkbar (s. rechts). Am Anfang m\u00fcssen daher die <strong>Zielsetzungen jedes Einzelnen<\/strong> genau besprochen werden, um das passende Konzept f\u00fcr den Standort, die Anfangsqualit\u00e4t und m\u00f6gliche Ausbaustufen zu beschreiben (vgl.\u00a0<a href=\"https:\/\/renta-med.de\/cms-2017\/konzeption-planung\/\">Konzeption &amp; Planung<\/a>).<\/p>\n<h3 style=\"text-align: justify;\">Zentrale Dienstleistungen<\/h3>\n<p style=\"text-align: justify;\">Je gr\u00f6\u00dfer die Schnittmengen, desto gr\u00f6\u00dfer das Potential f\u00fcr gemeinsame Vorteile, desto\u00a0intensiver aber auch\u00a0der Management-Aufwand. Meist ist es dann sinnvoll, f\u00fcr die gemeinsame Organisation eine <strong>Betriebsgesellschaft<\/strong> einzusetzen. Eine eigenst\u00e4ndige Betriebsgesellschaft bietet zudem den Vorteil, das Zentrum und die Leistungsgemeinschaft besser nach au\u00dfen vertreten zu k\u00f6nnen (Werbung, Vertragsverhandlungen etc.).<\/p>\n<p style=\"text-align: justify;\">Der Leistungskatalog einer solchen Gesellschaft kann z.B. beinhalten:<\/p>\n<ul style=\"text-align: justify;\">\n<li>Ausstattung und Bewirtschaftung der Gemeinschaftsfl\u00e4chen (z.B. Wartebereiche, Sanit\u00e4r, Personalr\u00e4ume, vgl. <a href=\"https:\/\/renta-med.de\/cms-2017\/flaechenkonzept\/\">Fl\u00e4chenkonzept<\/a>)<\/li>\n<li>technische Grundausstattung (z.B. Telefonanlage, Patientenruf)<\/li>\n<li>gemeinsames Corporate Design, Werbung und \u00d6ffentlichkeitsarbeit<\/li>\n<li>organisatorische Leistungen (Empfang, Telefonzentrale, zentraler Einkauf, Praxisreinigung)<\/li>\n<li>IT-Architektur (Aufbau einer gemeinsamen IT-Infrastruktur, Service &amp; Sicherheit)<\/li>\n<li>Patientenservice (Recall-Mailings, Wartezimmer-TV, \u2026)<\/li>\n<li>\u2026<\/li>\n<\/ul>\n<p style=\"text-align: justify;\">Der Leistungskatalog ist immer Ergebnis eines gemeinsamen Abstimmungsprozesses mit allen Partnern, die am Standort mitwirken. Er ist Bestandteil des <a href=\"https:\/\/renta-med.de\/cms-2017\/konzeption-planung\/\">Kooperations-, Funktional- und Betriebskonzepts<\/a>, welches dem Gesundheitszentrum zugrunde liegt.<\/p>\n<h3 style=\"text-align: justify;\">Unterst\u00fctzung durch RENTAmed<\/h3>\n<p style=\"text-align: justify;\">Vieles kann, nicht alles muss &#8211; nutzen Sie unsere <a href=\"https:\/\/renta-med.de\/cms-2017\/referenzen-2\/\">Erfahrungen<\/a>, um Ihre Zielvorstellungen und Ideen in ein tragf\u00e4higes Konzept umzusetzen und weiterzuentwickeln.<\/p>\n<\/div>\n<\/div>\n<\/div><\/section><\/p><\/div><\/div><!--close column table wrapper. Autoclose: 1 --><div class='flex_column_table av-equal-height-column-flextable -flextable' style='margin-top:-200px; margin-bottom:0px; '><div class='av-flex-placeholder'><\/div><div class=\"flex_column av_one_third  flex_column_table_cell av-equal-height-column av-align-top   \" style='padding:40px; background-color:#9f2134; border-radius:0px; '><p><div style='padding-bottom:10px;color:#ffffff;' class='av-special-heading av-special-heading-h4 custom-color-heading    '><h4 class='av-special-heading-tag '  itemprop=\"headline\"  >ZIELE <span class='special_amp'>&amp;<\/span> CHANCEN<\/h4><div class='special-heading-border'><div class='special-heading-inner-border' style='border-color:#ffffff'><\/div><\/div><\/div><br \/>\n<section class=\"av_textblock_section \"  itemscope=\"itemscope\" itemtype=\"https:\/\/schema.org\/CreativeWork\" ><div class='avia_textblock  av_inherit_color '  style='color:#ffffff; '  itemprop=\"text\" ><ul>\n<li>optimiertes Fl\u00e4chenkonzept<\/li>\n<li>gemeinsame Funktionsbereiche<\/li>\n<li>effizienter Ressourceneinsatz<\/li>\n<li>gemeinsame Verwaltungsstrukturen<\/li>\n<li>bessere Konzentration auf die Medizin<\/li>\n<li>zus\u00e4tzliche Serviceangebote<\/li>\n<li>Wettbewerbsst\u00e4rkung<\/li>\n<li>Qualit\u00e4tsvorteile<\/li>\n<li>Steigerung des Praxiswerts<\/li>\n<\/ul>\n<\/div><\/section><\/p><\/div><\/div><!--close column table wrapper. Autoclose: 1 -->\n<\/div><\/div><\/div><!-- close content main div --><\/div><\/div><div id='after_section_1' class='main_color av_default_container_wrap container_wrap sidebar_right'   ><div class='container' ><div class='template-page content  av-content-small alpha units'><div class='post-entry post-entry-type-page post-entry-1552'><div class='entry-content-wrapper clearfix'>\n","protected":false},"excerpt":{"rendered":"","protected":false},"author":1,"featured_media":0,"parent":0,"menu_order":0,"comment_status":"closed","ping_status":"closed","template":"","meta":[],"_links":{"self":[{"href":"https:\/\/renta-med.de\/cms-2017\/wp-json\/wp\/v2\/pages\/1552"}],"collection":[{"href":"https:\/\/renta-med.de\/cms-2017\/wp-json\/wp\/v2\/pages"}],"about":[{"href":"https:\/\/renta-med.de\/cms-2017\/wp-json\/wp\/v2\/types\/page"}],"author":[{"embeddable":true,"href":"https:\/\/renta-med.de\/cms-2017\/wp-json\/wp\/v2\/users\/1"}],"replies":[{"embeddable":true,"href":"https:\/\/renta-med.de\/cms-2017\/wp-json\/wp\/v2\/comments?post=1552"}],"version-history":[{"count":5,"href":"https:\/\/renta-med.de\/cms-2017\/wp-json\/wp\/v2\/pages\/1552\/revisions"}],"predecessor-version":[{"id":1960,"href":"https:\/\/renta-med.de\/cms-2017\/wp-json\/wp\/v2\/pages\/1552\/revisions\/1960"}],"wp:attachment":[{"href":"https:\/\/renta-med.de\/cms-2017\/wp-json\/wp\/v2\/media?parent=1552"}],"curies":[{"name":"wp","href":"https:\/\/api.w.org\/{rel}","templated":true}]}}