{"id":1563,"date":"2018-02-06T14:28:28","date_gmt":"2018-02-06T13:28:28","guid":{"rendered":"https:\/\/renta-med.de\/cms-2017\/?page_id=1563"},"modified":"2018-02-06T15:17:24","modified_gmt":"2018-02-06T14:17:24","slug":"referenzen-2","status":"publish","type":"page","link":"https:\/\/renta-med.de\/cms-2017\/referenzen-2\/","title":{"rendered":"Referenzen"},"content":{"rendered":"<\/div><\/div><\/div><!-- close content main div --><\/div><\/div><div id='full_slider_1' class='avia-fullwidth-slider main_color avia-shadow   container_wrap sidebar_right'   ><div  data-size='extra_large'  data-lightbox_size='large'  data-animation='fade'  data-ids='1565,1540,1564'  data-video_counter='0'  data-autoplay='false'  data-bg_slider='false'  data-slide_height=''  data-handle='av_slideshow_full'  data-interval='6'  data-class=' '  data-css_id=''  data-scroll_down=''  data-control_layout='av-control-minimal'  data-custom_markup=''  data-perma_caption=''  data-autoplay_stopper=''  data-image_attachment=''  data-min_height='0px'  data-src=''  data-position='top left'  data-repeat='no-repeat'  data-attach='scroll'  data-stretch=''  data-default-height='100'  class='avia-slideshow avia-slideshow-1  av-control-minimal av-default-height-applied avia-slideshow-extra_large av_slideshow_full   avia-fade-slider '  itemscope=\"itemscope\" itemtype=\"https:\/\/schema.org\/ImageObject\" ><ul class='avia-slideshow-inner' style='padding-bottom: 25.78125%;'><li  class=' slide-1 ' ><div data-rel='slideshow-1' class='avia-slide-wrap'  ><img src='https:\/\/renta-med.de\/cms-2017\/wp-content\/uploads\/2018\/02\/faz_gzs1.jpg' width='768' height='198' title='faz_gzs1' alt=''  itemprop=\"thumbnailUrl\"   \/><\/div><\/li><li  class=' slide-2 ' ><div data-rel='slideshow-1' class='avia-slide-wrap'  ><img src='https:\/\/renta-med.de\/cms-2017\/wp-content\/uploads\/2017\/11\/schw_roentgenstr6.jpg' width='768' height='198' title='schw_roentgenstr6' alt=''  itemprop=\"thumbnailUrl\"   \/><\/div><\/li><li  class=' slide-3 ' ><div data-rel='slideshow-1' class='avia-slide-wrap'  ><img src='https:\/\/renta-med.de\/cms-2017\/wp-content\/uploads\/2018\/02\/faz_schw_ahw2.jpg' width='790' height='205' title='faz_schw_ahw2' alt=''  itemprop=\"thumbnailUrl\"   \/><\/div><\/li><\/ul><div class='avia-slideshow-arrows avia-slideshow-controls'><a href='#prev' class='prev-slide' aria-hidden='true' data-av_icon='\ue87c' data-av_iconfont='entypo-fontello'>Zur\u00fcck<\/a><a href='#next' class='next-slide' aria-hidden='true' data-av_icon='\ue87d' data-av_iconfont='entypo-fontello'>Weiter<\/a><\/div><div class='avia-slideshow-dots avia-slideshow-controls'><a href='#1' class='goto-slide active' >1<\/a><a href='#2' class='goto-slide ' >2<\/a><a href='#3' class='goto-slide ' >3<\/a><\/div><\/div><\/div>\n<\/div><\/div><\/div><!-- close content main div --><\/div><\/div><div id='av-layout-grid-1' class='av-layout-grid-container entry-content-wrapper main_color av-fixed-cells    container_wrap sidebar_right'   >\n<div class=\"flex_cell no_margin av_one_half   \" style='vertical-align:top; padding:9px 0px 0px 0px ; background-color:#9f2134; '><div class='flex_cell_inner' ><\/div><\/div><div class=\"flex_cell no_margin av_one_half   \" style='vertical-align:top; padding:9px 0px 0px 0px ; background-color:#9f2134; '><div class='flex_cell_inner' ><\/div><\/div>\n<\/div>\n<\/div><\/div><\/div><!-- close content main div --><\/div><\/div><div id='av_section_1' class='avia-section main_color avia-section-huge avia-no-border-styling avia-bg-style-scroll   container_wrap sidebar_right'   ><div class='container' ><div class='template-page content  av-content-small alpha units'><div class='post-entry post-entry-type-page post-entry-1563'><div class='entry-content-wrapper clearfix'>\n<div class='flex_column_table av-equal-height-column-flextable -flextable' style='margin-top:-200px; margin-bottom:0px; '><div class=\"flex_column av_two_third  flex_column_table_cell av-equal-height-column av-align-top first  \" style='padding:40px; background-color:#dddddd; border-radius:0; '><p><div style='padding-bottom:10px;color:#000000;font-size:25px;' class='av-special-heading av-special-heading-h2 custom-color-heading blockquote modern-quote   av-inherit-size '><h2 class='av-special-heading-tag '  itemprop=\"headline\"  >Auswahl unserer Projekte<\/h2><div class='special-heading-border'><div class='special-heading-inner-border' style='border-color:#000000'><\/div><\/div><\/div><br \/>\n<div style='height:20px' class='hr hr-invisible  '><span class='hr-inner ' ><span class='hr-inner-style'><\/span><\/span><\/div><br \/>\n<section class=\"av_textblock_section \"  itemscope=\"itemscope\" itemtype=\"https:\/\/schema.org\/CreativeWork\" ><div class='avia_textblock  '   itemprop=\"text\" ><div class=\"art-postheadericons art-metadata-icons\"><\/div>\n<div class=\"art-postcontent\">\n<div class=\"art-article\">\n<h2 class=\"art-postheader\"><\/h2>\n<div class=\"art-postcontent\">\n<div class=\"art-article\">\n<div class=\"art-postcontent\">\n<div class=\"art-article\">\n<p><a title=\"Informationen zur Schlosspark-Ambulanz in Bad Freienwalde\" href=\"https:\/\/renta-med.de\/cms-2017\/bad-freienwalde\/\"><strong>Bad Freienwalde, Schlossparkambulanz<\/strong><\/a><br \/>\nEhemalige Poliklinik, Sanierung 1996 bei laufendem Betrieb. Fach- und haus\u00e4rztliche Regionalversorgung, Krankenhauspartner als MVZ-Betreiber.<br \/>\nAufgaben RENTAmed heute: Betrieb, Vermietung, Immobilienmanagement.<\/p>\n<p><strong><a title=\"Informationen zum \u00c4rztehaus Mehrower Allee in Berlin-Marzahn\" href=\"https:\/\/renta-med.de\/cms-2017\/mehrower-allee-berlin\/\">Berlin, Mehrower Allee<\/a><\/strong><br \/>\nEhemalige Poliklinik, Sanierung 2002 bei laufendem Betrieb. Fach- und haus\u00e4rztliche Regionalversorgung.<br \/>\nAufgaben RENTAmed heute: Betrieb, Vermietung, Immobilienmanagement<\/p>\n<p><strong><a href=\"https:\/\/renta-med.de\/cms-2017\/duisburg-gzs\/\">Duisburg, Gesundheitszentrum am Sittardsberg<\/a><\/strong><br \/>\nModerner Neubau, fach\u00e4rztliches Zentrum mit umfassendem Kooperationskonzept und zentralem Management.<br \/>\nAufgaben RENTAmed: Projektentwicklung, Investition, Realisierung und Umsetzung des Betriebskonzepts, Betriebsverantwortung (bis 2011), Verwaltung (bis heute)<\/p>\n<p><strong><a title=\"Informationen zum \u00c4rztehaus R\u00f6ntgenstra\u00dfe in Schwerin\" href=\"https:\/\/renta-med.de\/cms-2017\/schwerin-zentrum\/\">Schwerin, \u00c4rztehaus R\u00f6ntgenstra\u00dfe<\/a><\/strong><br \/>\nEhemalige Poliklinik, denkmalgesch\u00fctzt. Sanierung 2005 und Neuvermietung an die AHG Klinik Schwerin. Psychosomatische Tagesklinik und Rehabilitation<br \/>\nAufgaben RENTAmed heute: Betrieb, Vermietung, Immobilienmanagement.<\/p>\n<p><strong><a title=\"Informationen zum \u00c4rztehaus Weststadt in Schwerin\" href=\"https:\/\/renta-med.de\/cms-2017\/schwerin-weststadt\/\">Schwerin, \u00c4rztehaus Weststadt<\/a><\/strong><br \/>\nEhemalige Poliklinik, Sanierung 2001 bei laufendem Betrieb. Fach- und haus\u00e4rztliche Regionalversorgung<\/p>\n<\/div>\n<\/div>\n<p style=\"text-align: justify;\"><a class=\"linkthumb modal\" href=\"http:\/\/renta-hv.net\/med\/images\/renta_bilder\/flaechen_klassisch_copy.gif\" target=\"_blank\" rel=\"lightbox&#091;id_96&#093; noopener\">\u00a0<\/a><\/p>\n<\/div>\n<\/div>\n<\/div>\n<\/div>\n<\/div><\/section><\/p><\/div><\/div><!--close column table wrapper. Autoclose: 1 --><div class='flex_column_table av-equal-height-column-flextable -flextable' style='margin-top:-200px; margin-bottom:0px; '><div class='av-flex-placeholder'><\/div><div class=\"flex_column av_one_third  flex_column_table_cell av-equal-height-column av-align-top   \" style='padding:40px; background-color:#9f2134; border-radius:0px; '><p><div style='padding-bottom:10px;color:#ffffff;' class='av-special-heading av-special-heading-h4 custom-color-heading    '><h4 class='av-special-heading-tag '  itemprop=\"headline\"  >UNSER ANGEBOT<\/h4><div class='special-heading-border'><div class='special-heading-inner-border' style='border-color:#ffffff'><\/div><\/div><\/div><br \/>\n<section class=\"av_textblock_section \"  itemscope=\"itemscope\" itemtype=\"https:\/\/schema.org\/CreativeWork\" ><div class='avia_textblock  av_inherit_color '  style='color:#ffffff; '  itemprop=\"text\" ><ul>\n<li>Machbarkeitspr\u00fcfung<\/li>\n<li>Analyse &amp; Konzeption<\/li>\n<li>Projektentwicklung<\/li>\n<li>Investition<\/li>\n<li>Realisierung<\/li>\n<li>\u00dcbernahme der Betriebsverantwortung<\/li>\n<li>Verwaltung<\/li>\n<\/ul>\n<p>mehr unter <a href=\"https:\/\/renta-med.de\/cms-2017\/leistungsspektrum\/\">Leistungen<\/a><\/p>\n<\/div><\/section><\/p><\/div><\/div><!--close column table wrapper. Autoclose: 1 --><\/div><\/div><\/div><!-- close content main div --><\/div><\/div><div id='after_section_1' class='main_color av_default_container_wrap container_wrap sidebar_right'   ><div class='container' ><div class='template-page content  av-content-small alpha units'><div class='post-entry post-entry-type-page post-entry-1563'><div class='entry-content-wrapper clearfix'>\n","protected":false},"excerpt":{"rendered":"","protected":false},"author":1,"featured_media":0,"parent":0,"menu_order":0,"comment_status":"closed","ping_status":"closed","template":"","meta":[],"_links":{"self":[{"href":"https:\/\/renta-med.de\/cms-2017\/wp-json\/wp\/v2\/pages\/1563"}],"collection":[{"href":"https:\/\/renta-med.de\/cms-2017\/wp-json\/wp\/v2\/pages"}],"about":[{"href":"https:\/\/renta-med.de\/cms-2017\/wp-json\/wp\/v2\/types\/page"}],"author":[{"embeddable":true,"href":"https:\/\/renta-med.de\/cms-2017\/wp-json\/wp\/v2\/users\/1"}],"replies":[{"embeddable":true,"href":"https:\/\/renta-med.de\/cms-2017\/wp-json\/wp\/v2\/comments?post=1563"}],"version-history":[{"count":3,"href":"https:\/\/renta-med.de\/cms-2017\/wp-json\/wp\/v2\/pages\/1563\/revisions"}],"predecessor-version":[{"id":1626,"href":"https:\/\/renta-med.de\/cms-2017\/wp-json\/wp\/v2\/pages\/1563\/revisions\/1626"}],"wp:attachment":[{"href":"https:\/\/renta-med.de\/cms-2017\/wp-json\/wp\/v2\/media?parent=1563"}],"curies":[{"name":"wp","href":"https:\/\/api.w.org\/{rel}","templated":true}]}}