{"id":1594,"date":"2018-02-06T14:47:30","date_gmt":"2018-02-06T13:47:30","guid":{"rendered":"https:\/\/renta-med.de\/cms-2017\/?page_id=1594"},"modified":"2021-07-20T14:25:40","modified_gmt":"2021-07-20T12:25:40","slug":"schwerin-zentrum","status":"publish","type":"page","link":"https:\/\/renta-med.de\/cms-2017\/schwerin-zentrum\/","title":{"rendered":"Schwerin Zentrum"},"content":{"rendered":"<\/div><\/div><\/div><!-- close content main div --><\/div><\/div><div id='full_slider_1' class='avia-fullwidth-slider main_color avia-shadow   container_wrap sidebar_right'   ><div  data-size='extra_large'  data-lightbox_size='large'  data-animation='fade'  data-ids='1540'  data-video_counter='0'  data-autoplay='false'  data-bg_slider='false'  data-slide_height=''  data-handle='av_slideshow_full'  data-interval='6'  data-class=' '  data-css_id=''  data-scroll_down=''  data-control_layout='av-control-minimal'  data-custom_markup=''  data-perma_caption=''  data-autoplay_stopper=''  data-image_attachment=''  data-min_height='0px'  data-src=''  data-position='top left'  data-repeat='no-repeat'  data-attach='scroll'  data-stretch=''  data-default-height='100'  class='avia-slideshow avia-slideshow-1  av-control-minimal av-default-height-applied avia-slideshow-extra_large av_slideshow_full   avia-fade-slider '  itemscope=\"itemscope\" itemtype=\"https:\/\/schema.org\/ImageObject\" ><ul class='avia-slideshow-inner' style='padding-bottom: 25.78125%;'><li  class=' av-single-slide slide-1 ' ><div data-rel='slideshow-1' class='avia-slide-wrap'  ><img src='https:\/\/renta-med.de\/cms-2017\/wp-content\/uploads\/2017\/11\/schw_roentgenstr6.jpg' width='768' height='198' title='schw_roentgenstr6' alt=''  itemprop=\"thumbnailUrl\"   \/><\/div><\/li><\/ul><\/div><\/div>\n<\/div><\/div><\/div><!-- close content main div --><\/div><\/div><div id='av-layout-grid-1' class='av-layout-grid-container entry-content-wrapper main_color av-fixed-cells    container_wrap sidebar_right'   >\n<div class=\"flex_cell no_margin av_one_half   \" style='vertical-align:top; padding:9px 0px 0px 0px ; background-color:#9f2134; '><div class='flex_cell_inner' ><\/div><\/div><div class=\"flex_cell no_margin av_one_half   \" style='vertical-align:top; padding:9px 0px 0px 0px ; background-color:#9f2134; '><div class='flex_cell_inner' ><\/div><\/div>\n<\/div>\n<\/div><\/div><\/div><!-- close content main div --><\/div><\/div><div id='av_section_1' class='avia-section main_color avia-section-huge avia-no-border-styling avia-bg-style-scroll   container_wrap sidebar_right'   ><div class='container' ><div class='template-page content  av-content-small alpha units'><div class='post-entry post-entry-type-page post-entry-1594'><div class='entry-content-wrapper clearfix'>\n<div class='flex_column_table av-equal-height-column-flextable -flextable' style='margin-top:-200px; margin-bottom:0px; '><div class=\"flex_column av_two_third  flex_column_table_cell av-equal-height-column av-align-top first  \" style='padding:40px; background-color:#dddddd; border-radius:0; '><p><div style='padding-bottom:10px;color:#000000;font-size:25px;' class='av-special-heading av-special-heading-h2 custom-color-heading blockquote modern-quote   av-inherit-size '><h2 class='av-special-heading-tag '  itemprop=\"headline\"  >\u00c4rztehaus R\u00f6ntgenstra\u00dfe, Schwerin<\/h2><div class='special-heading-border'><div class='special-heading-inner-border' style='border-color:#000000'><\/div><\/div><\/div><br \/>\n<div style='height:20px' class='hr hr-invisible  '><span class='hr-inner ' ><span class='hr-inner-style'><\/span><\/span><\/div><br \/>\n<section class=\"av_textblock_section \"  itemscope=\"itemscope\" itemtype=\"https:\/\/schema.org\/CreativeWork\" ><div class='avia_textblock  '   itemprop=\"text\" ><div class=\"art-postheadericons art-metadata-icons\" style=\"text-align: justify;\"><\/div>\n<div class=\"art-postcontent\">\n<div class=\"art-article\">\n<div class=\"art-postheadericons art-metadata-icons\"><\/div>\n<div class=\"art-postcontent\">\n<div class=\"art-article\">\n<p><em>&#8211; Psychosomatische Tagesklinik und Rehabilitation &#8211;\u00a0\u00a0\u00a0<\/em><\/p>\n<p>Die RENTAmed hat 2004 das historische Krankenhaus und ehemalige Poliklinik Schelfstadt in der R\u00f6ntgenstra\u00dfe in 19055 Schwerin modernisiert und instand gesetzt. Das Haus war seit jeher synonym f\u00fcr medizinische Behandlung in Schwerin.<\/p>\n<h3>Der Standort &#8211; Schelfstadt Schwerin<\/h3>\n<p>Das Geb\u00e4ude befindet sich in der historischen Altstadt der Landeshauptstadt des Bundeslandes Mecklenburg-Vorpommern, mitten im denkmalgesch\u00fctzten Stadtgebiet Schelfmarkt. Seit der Jahrhundertwende wird das Objekt bei den Einwohnern der Stadt Schwerin mit dem Thema Gesundheit verbunden. Vor dem Krieg als Krankenhaus und danach als Poliklinik-Standort genutzt, ist die bauliche Struktur hervorragend f\u00fcr die ambulante und station\u00e4re Behandlung von Patienten geeignet. Direkt am Schelfmarkt gelegen, ist es verkehrsg\u00fcnstig zu erreichen.<\/p>\n<h3>Das &#8222;Dr.-Hugo-von-Keyserlingk-Haus&#8220;<\/h3>\n<p>Mit der AHG Klinik Schweriner See &#8211; ein Unternehmen der Allgemeinen Hospitalgesellschaft AG &#8211; wurde die Modernisierung des denkmalgesch\u00fctzten Geb\u00e4udes partnerschaftlich durchgef\u00fchrt. Die Umsetzung der Belange des Denkmalschutzes wirken sich positiv auf die Atmosph\u00e4re im Geb\u00e4ude aus. Den Patienten und Mietern steht ein modernes und funktionell gestaltetes Geb\u00e4ude zur Verf\u00fcgung. Das Haus ist benannt nach dem ehemaligen Chefarzt der AHG Klinik Schweriner See und einem der Initiatoren des Vorhabens.<\/p>\n<p>Heute betreibt die AHG Klinik Schweriner See dort eine Adaptionseinrichtung zur Behandlung von abh\u00e4ngigkeitserkrankten Patienten (eine Abteilung f\u00fcr die Rehabilitation Psychisch Kranker RPK) und eine Tagesrehabilitation mit Beratungsstelle.<\/p>\n<p>Ferner sind im Geb\u00e4ude eine gro\u00dfe R\u00f6ntgenpraxis und ein Dental-Labor untergebracht.<br \/>\nEckdaten:<\/p>\n<ul>\n<li>erbaut um 1900<\/li>\n<li>2004 Ankauf durch RENTAmed, vollst\u00e4ndige Modernisierung und Instandsetzung bis\u00a02005<\/li>\n<li>Grundst\u00fcck: ca. 2.093 qm<\/li>\n<li>Mietfl\u00e4che: ca. 3.286 qm<\/li>\n<li>4-geschossiges Geb\u00e4ude mit teilweise ausgebautem Spitzdach<\/li>\n<li>Fahrstuhl, Pkw-Stellpl\u00e4tze f\u00fcr Mieter<\/li>\n<li>gr\u00f6\u00dftenteils langfristig vermietet an die Klinik Schweriner See f\u00fcr den Betrieb einer Adaptionseinrichtung zur Behandlung von abh\u00e4ngigkeitserkrankten Patienten<\/li>\n<\/ul>\n<p>Download <a href=\"http:\/\/renta-hv.net\/med\/images\/expose\/20130619%20Projektbersicht%20rztehaus%20Rntgenstr%20Schwerin.pdf\" target=\"_blank\" rel=\"noopener\">Expos\u00e9 \u00c4rztehaus R\u00f6ntgenstra\u00dfe<\/a><\/p>\n<p>Interessantes zur Geschichte der ehemaligen Poliklinik lesen Sie auf der <a title=\"zur Website AHG - Informationen der Denkmalschutzbeh\u00f6rde\" href=\"http:\/\/www.ahg.de\/AHG\/Standorte\/Schelfstadt\/Klinik\/Wer_sind_wir\/Geschichte_der_Klinik\/index.html\" target=\"_blank\" rel=\"noopener\">Website der AHG<\/a>.<\/p>\n<\/div>\n<\/div>\n<p style=\"text-align: justify;\">\n<\/div>\n<\/div>\n<\/div><\/section><\/p><\/div><\/div><!--close column table wrapper. Autoclose: 1 --><div class='flex_column_table av-equal-height-column-flextable -flextable' style='margin-top:-200px; margin-bottom:0px; '><div class='av-flex-placeholder'><\/div><div class=\"flex_column av_one_third  flex_column_table_cell av-equal-height-column av-align-top   \" style='padding:40px; background-color:#9f2134; border-radius:0px; '><p><div style='padding-bottom:10px;color:#ffffff;' class='av-special-heading av-special-heading-h4 custom-color-heading    '><h4 class='av-special-heading-tag '  itemprop=\"headline\"  >LAGEPLAN<\/h4><div class='special-heading-border'><div class='special-heading-inner-border' style='border-color:#ffffff'><\/div><\/div><\/div><br \/>\n<section class=\"avia_codeblock_section  avia_code_block_0\"  itemscope=\"itemscope\" itemtype=\"https:\/\/schema.org\/CreativeWork\" ><div class='avia_codeblock '  itemprop=\"text\" > [avia_codeblock_placeholder uid=\"0\"] <\/div><\/section><br \/>\n<div style='padding-bottom:10px;color:#ffffff;' class='av-special-heading av-special-heading-h4 custom-color-heading    '><h4 class='av-special-heading-tag '  itemprop=\"headline\"  >WEBSITE<\/h4><div class='special-heading-border'><div class='special-heading-inner-border' style='border-color:#ffffff'><\/div><\/div><\/div><br \/>\n<section class=\"av_textblock_section \"  itemscope=\"itemscope\" itemtype=\"https:\/\/schema.org\/CreativeWork\" ><div class='avia_textblock  av_inherit_color '  style='color:#ffffff; '  itemprop=\"text\" ><p><img loading=\"lazy\" class=\"alignnone size-full wp-image-1595\" src=\"https:\/\/renta-med.de\/cms-2017\/wp-content\/uploads\/2018\/02\/ahg_resalit175x114.jpg\" alt=\"\" width=\"175\" height=\"114\" \/><br \/>\nWeitere Informationen zur AHG Poliklinik Schelfstadt erhalten Sie unter <a href=\"http:\/\/www.ahg.de\/AHG\/Standorte\/Schelfstadt\/index.html\">www.ahg.de<\/a>.<\/p>\n<\/div><\/section><br \/>\n<div style='padding-bottom:10px;color:#ffffff;' class='av-special-heading av-special-heading-h4 custom-color-heading    '><h4 class='av-special-heading-tag '  itemprop=\"headline\"  >HAUSVERWALTUNG<\/h4><div class='special-heading-border'><div class='special-heading-inner-border' style='border-color:#ffffff'><\/div><\/div><\/div><br \/>\n<section class=\"av_textblock_section \"  itemscope=\"itemscope\" itemtype=\"https:\/\/schema.org\/CreativeWork\" ><div class='avia_textblock  av_inherit_color '  style='color:#ffffff; '  itemprop=\"text\" ><p>F\u00fcr Fragen zum Objekt sowie f\u00fcr Mietinteressenten steht die \u00f6rtliche Hausverwaltung gern zur Verf\u00fcgung:<\/p>\n<p>Immobilien- &amp; Bauservice Jarzimski<br \/>\nHermannstra\u00dfe 15<br \/>\n19053 Schwerin<br \/>\nTel.: +49 385 5509917<br \/>\nFax: +49385\u00a0 5572844<br \/>\n<a href=\"mailto:info@global-hausverwaltung.de\">mjarzimski@gmail.com<\/a><\/p>\n<\/div><\/section><\/p><\/div><\/div><!--close column table wrapper. Autoclose: 1 --><\/div><\/div><\/div><!-- close content main div --><\/div><\/div><div id='after_section_1' class='main_color av_default_container_wrap container_wrap sidebar_right'   ><div class='container' ><div class='template-page content  av-content-small alpha units'><div class='post-entry post-entry-type-page post-entry-1594'><div class='entry-content-wrapper clearfix'>\n","protected":false},"excerpt":{"rendered":"","protected":false},"author":1,"featured_media":0,"parent":0,"menu_order":0,"comment_status":"closed","ping_status":"closed","template":"","meta":[],"_links":{"self":[{"href":"https:\/\/renta-med.de\/cms-2017\/wp-json\/wp\/v2\/pages\/1594"}],"collection":[{"href":"https:\/\/renta-med.de\/cms-2017\/wp-json\/wp\/v2\/pages"}],"about":[{"href":"https:\/\/renta-med.de\/cms-2017\/wp-json\/wp\/v2\/types\/page"}],"author":[{"embeddable":true,"href":"https:\/\/renta-med.de\/cms-2017\/wp-json\/wp\/v2\/users\/1"}],"replies":[{"embeddable":true,"href":"https:\/\/renta-med.de\/cms-2017\/wp-json\/wp\/v2\/comments?post=1594"}],"version-history":[{"count":6,"href":"https:\/\/renta-med.de\/cms-2017\/wp-json\/wp\/v2\/pages\/1594\/revisions"}],"predecessor-version":[{"id":1976,"href":"https:\/\/renta-med.de\/cms-2017\/wp-json\/wp\/v2\/pages\/1594\/revisions\/1976"}],"wp:attachment":[{"href":"https:\/\/renta-med.de\/cms-2017\/wp-json\/wp\/v2\/media?parent=1594"}],"curies":[{"name":"wp","href":"https:\/\/api.w.org\/{rel}","templated":true}]}}