{"id":1671,"date":"2019-11-07T11:31:23","date_gmt":"2019-11-07T10:31:23","guid":{"rendered":"https:\/\/renta-med.de\/cms-2017\/?page_id=1671"},"modified":"2021-07-20T14:26:32","modified_gmt":"2021-07-20T12:26:32","slug":"schwerin-schlossblick","status":"publish","type":"page","link":"https:\/\/renta-med.de\/cms-2017\/schwerin-schlossblick\/","title":{"rendered":"Schwerin Schlossblick"},"content":{"rendered":"<section class=\"av_textblock_section \"  itemscope=\"itemscope\" itemtype=\"https:\/\/schema.org\/CreativeWork\" ><div class='avia_textblock  '   itemprop=\"text\" ><\/div><\/section>\n<\/div><\/div><\/div><!-- close content main div --><\/div><\/div><div id='full_slider_1' class='avia-fullwidth-slider main_color avia-shadow   container_wrap sidebar_right'   ><div  data-size='extra_large'  data-lightbox_size='large'  data-animation='fade'  data-ids='1842,1941,1945'  data-video_counter='0'  data-autoplay='true'  data-bg_slider='false'  data-slide_height=''  data-handle='av_slideshow_full'  data-interval='6'  data-class=' '  data-css_id=''  data-scroll_down=''  data-control_layout='av-control-minimal'  data-custom_markup=''  data-perma_caption=''  data-autoplay_stopper=''  data-image_attachment=''  data-min_height='0px'  data-src=''  data-position='top left'  data-repeat='no-repeat'  data-attach='scroll'  data-stretch=''  data-default-height='100'  class='avia-slideshow avia-slideshow-1  av-control-minimal av-default-height-applied avia-slideshow-extra_large av_slideshow_full   avia-fade-slider '  itemscope=\"itemscope\" itemtype=\"https:\/\/schema.org\/ImageObject\" ><ul class='avia-slideshow-inner' style='padding-bottom: 25.9493670886%;'><li  class=' slide-1 ' ><div data-rel='slideshow-1' class='avia-slide-wrap'  ><img src='https:\/\/renta-med.de\/cms-2017\/wp-content\/uploads\/2020\/09\/20200921-Panorama_Planung-1.jpg' width='790' height='205' title='20200921 Panorama_Planung' alt=''  itemprop=\"thumbnailUrl\"   \/><\/div><\/li><li  class=' slide-2 ' ><div data-rel='slideshow-1' class='avia-slide-wrap'  ><img src='https:\/\/renta-med.de\/cms-2017\/wp-content\/uploads\/2021\/07\/20210720-Slider-GSA10-_.jpg' width='790' height='205' title='20210720 Slider GSA10 _' alt=''  itemprop=\"thumbnailUrl\"   \/><\/div><\/li><li  class=' slide-3 ' ><div data-rel='slideshow-1' class='avia-slide-wrap'  ><img src='https:\/\/renta-med.de\/cms-2017\/wp-content\/uploads\/2021\/07\/20210720-Slider-GSA-innen.jpg' width='790' height='205' title='20210720 Slider GSA innen' alt=''  itemprop=\"thumbnailUrl\"   \/><\/div><\/li><\/ul><div class='avia-slideshow-arrows avia-slideshow-controls'><a href='#prev' class='prev-slide' aria-hidden='true' data-av_icon='\ue87c' data-av_iconfont='entypo-fontello'>Zur\u00fcck<\/a><a href='#next' class='next-slide' aria-hidden='true' data-av_icon='\ue87d' data-av_iconfont='entypo-fontello'>Weiter<\/a><\/div><div class='avia-slideshow-dots avia-slideshow-controls'><a href='#1' class='goto-slide active' >1<\/a><a href='#2' class='goto-slide ' >2<\/a><a href='#3' class='goto-slide ' >3<\/a><\/div><\/div><\/div>\n<\/div><\/div><\/div><!-- close content main div --><\/div><\/div><div id='av-layout-grid-1' class='av-layout-grid-container entry-content-wrapper main_color av-fixed-cells    container_wrap sidebar_right'   >\n<div class=\"flex_cell no_margin av_one_half   \" style='vertical-align:top; padding:9px 0px 0px 0px ; background-color:#9f2134; '><div class='flex_cell_inner' ><\/div><\/div><div class=\"flex_cell no_margin av_one_half   \" style='vertical-align:top; padding:9px 0px 0px 0px ; background-color:#9f2134; '><div class='flex_cell_inner' ><\/div><\/div>\n<\/div>\n<\/div><\/div><\/div><!-- close content main div --><\/div><\/div><div id='av_section_1' class='avia-section main_color avia-section-huge avia-no-border-styling avia-bg-style-scroll   container_wrap sidebar_right'   ><div class='container' ><div class='template-page content  av-content-small alpha units'><div class='post-entry post-entry-type-page post-entry-1671'><div class='entry-content-wrapper clearfix'>\n<div class='flex_column_table av-equal-height-column-flextable -flextable' style='margin-top:-200px; margin-bottom:0px; '><div class=\"flex_column av_two_third  flex_column_table_cell av-equal-height-column av-align-top first  \" style='padding:40px; background-color:#dddddd; border-radius:0; '><p><div style='padding-bottom:10px;color:#000000;font-size:25px;' class='av-special-heading av-special-heading-h2 custom-color-heading blockquote modern-quote   av-inherit-size '><h2 class='av-special-heading-tag '  itemprop=\"headline\"  >Wohn- und Gesch\u00e4ftshaus Schlossblick<\/h2><div class='special-heading-border'><div class='special-heading-inner-border' style='border-color:#000000'><\/div><\/div><\/div><br \/>\n<div style='height:20px' class='hr hr-invisible  '><span class='hr-inner ' ><span class='hr-inner-style'><\/span><\/span><\/div><br \/>\n<section class=\"av_textblock_section \"  itemscope=\"itemscope\" itemtype=\"https:\/\/schema.org\/CreativeWork\" ><div class='avia_textblock  '   itemprop=\"text\" ><div class=\"art-postheadericons art-metadata-icons\" style=\"text-align: justify;\"><\/div>\n<div class=\"art-postcontent\">\n<div class=\"art-article\">\n<div class=\"art-postheadericons art-metadata-icons\"><\/div>\n<div class=\"art-postcontent\">\n<div class=\"art-article\">\n<p><em>&#8211; Wohn-und Gesch\u00e4ftshaus am Schweriner See &#8211;<\/em><\/p>\n<p style=\"text-align: justify;\">Mit dem Wohn- und Gesch\u00e4ftshaus am Schweriner Burgsee ist die letzte Baul\u00fccke in der Graf-Schack-Allee durch ein modernes Geb\u00e4ude, welches sich harmonisch in die historischen Villen einf\u00fcgt, geschlossen. Die zentral gelegene Graf-Schack-Allee befindet sich in der Altstadt von Schwerin. Diverse Restaurants, die Schlossinsel, das Staatliche Museum Schwerin und die sch\u00f6ne historische Altstadt mit ihren zahlreichen imposanten Herrschaftsgeb\u00e4uden runden das Stadtbild stimmig ab. \u00d6ffentliche Verkehrsmittel sind fu\u00dfl\u00e4ufig zu erreichen sowie Einkaufsm\u00f6glichkeiten und medizinische Einrichtungen. Der Neubau seit dem Sommer 2020 bezugsfertig. Das <a href=\"https:\/\/renta-med.de\/cms-2017\/wp-content\/uploads\/2019\/11\/Wohn-und-Gesch\u00e4ftshaus-Schwerin-Grundriss.pdf\">Erdgeschoss<\/a> bietet mit einer Fl\u00e4che von ca. 121 qm viel Platz f\u00fcr ein\u00a0 <a href=\"https:\/\/renta-med.de\/cms-2017\/wp-content\/uploads\/2019\/11\/Wohn-und-Gesch\u00e4ftshaus-Schwerin-Grundriss.pdf\">Gewerbe<\/a>. Das Geb\u00e4ude ist barrierefrei errichtet und mit einem gro\u00dfen Aufzug ausgestattete. PKW Stellpl\u00e4tze stehen den Mietern auf Wunsch zur Verf\u00fcgung. Die in den Obergeschossen gelegenen <a href=\"https:\/\/renta-med.de\/cms-2017\/wp-content\/uploads\/2019\/11\/Wohn-und-Gesch\u00e4ftshaus-Schwerin-Grundrisse.pdf\">Wohnungen<\/a> sind jederzeit bequem zu erreichen. In jeder Etage befindet sich eine helle sonnendurchflutete, moderne, hochwertig ausgestattete sowie gro\u00dfz\u00fcgige <a href=\"https:\/\/renta-med.de\/cms-2017\/wp-content\/uploads\/2019\/11\/Wohn-und-Gesch\u00e4ftshaus-Schwerin-Grundrisse.pdf\">Wohnung<\/a> mit je 100 bis 150 qm. Die gro\u00dffl\u00e4chig geplanten Fensterelemente lassen dem traumhaften Blick aus jedem Geschoss viel Raum. Eine kontrollierte Wohnungsl\u00fcftung mit W\u00e4rmer\u00fcckgewinnung sorgt f\u00fcr ein angenehmes Klima im Geb\u00e4ude und zusammen mit gro\u00dfen Schallschutzfenstern f\u00fcr eine beachtliche Energieeffizienz. Die Fu\u00dfb\u00f6den sind ebenfalls mit hochwertigen Materialien sowie einer Fu\u00dfbodenheizung ausgestattet. Im Badezimmer stehen Ihnen eine bodengleiche Dusche sowie eine Badewanne zur Verf\u00fcgung. Dar\u00fcber hinaus sind alle Wohnungen mit einem G\u00e4ste WC ausgestattet. Die Wohnungen bieten eine Terasse oder Loggia sowie eine Abstellkammer zur zus\u00e4tzlichen Gewinnung von Stauraum.\u00a0 Wenn Sie Fragen zu unserem Objekt am Schweriner See haben, nehmen Sie gern <a href=\"mailto:office@renta.de\">Kontakt<\/a> zu uns auf. Wir freuen uns auf Sie.<\/p>\n<p>Eckdaten:<\/p>\n<ul>\n<li>Baujahr 2019\/2020<\/li>\n<li>Bauherr &amp; Projektentwickler RENTAmed<\/li>\n<li>Grundst\u00fcck: ca. 839 qm<\/li>\n<li>Mietfl\u00e4che: ca. 121 qm Gewerbefl\u00e4chen &amp; ca. 558 qm Wohnfl\u00e4che<\/li>\n<li>Erdgeschoss mit 4 Obergeschossen<\/li>\n<li>hochwertige Ausstattung<\/li>\n<li>Fu\u00dfbodenheizung im gesamten Objekt<\/li>\n<li>Schallschutzfenster<\/li>\n<li>kontrollierte Wohnungsl\u00fcftung mit W\u00e4rmer\u00fcckgewinnung<\/li>\n<li>Fahrstuhl, barrierefreier Zugang, Pkw-Stellpl\u00e4tze<\/li>\n<\/ul>\n<\/div>\n<\/div>\n<p style=\"text-align: justify;\">\n<\/div>\n<\/div>\n<\/div><\/section><\/p><\/div><\/div><!--close column table wrapper. Autoclose: 1 --><div class='flex_column_table av-equal-height-column-flextable -flextable' style='margin-top:-200px; margin-bottom:0px; '><div class='av-flex-placeholder'><\/div><div class=\"flex_column av_one_third  flex_column_table_cell av-equal-height-column av-align-top   \" style='padding:40px; background-color:#9f2134; border-radius:0px; '><p><div style='padding-bottom:10px;color:#ffffff;' class='av-special-heading av-special-heading-h4 custom-color-heading    '><h4 class='av-special-heading-tag '  itemprop=\"headline\"  >LAGEPLAN<\/h4><div class='special-heading-border'><div class='special-heading-inner-border' style='border-color:#ffffff'><\/div><\/div><\/div><br \/>\n<section class=\"avia_codeblock_section  avia_code_block_0\"  itemscope=\"itemscope\" itemtype=\"https:\/\/schema.org\/CreativeWork\" ><div class='avia_codeblock '  itemprop=\"text\" > [avia_codeblock_placeholder uid=\"0\"] <\/div><\/section><br \/>\n<div style='padding-bottom:10px;color:#ffffff;' class='av-special-heading av-special-heading-h4 custom-color-heading    '><h4 class='av-special-heading-tag '  itemprop=\"headline\"  >Wohn- und Gesch\u00e4ftshaus Schwerin am See<\/h4><div class='special-heading-border'><div class='special-heading-inner-border' style='border-color:#ffffff'><\/div><\/div><\/div><br \/>\n<section class=\"av_textblock_section \"  itemscope=\"itemscope\" itemtype=\"https:\/\/schema.org\/CreativeWork\" ><div class='avia_textblock  av_inherit_color '  style='color:#ffffff; '  itemprop=\"text\" ><p><img loading=\"lazy\" class=\"alignnone size-medium wp-image-1947 aligncenter\" src=\"https:\/\/renta-med.de\/cms-2017\/wp-content\/uploads\/2021\/07\/DSC06158-300x200.jpg\" alt=\"\" width=\"300\" height=\"200\" srcset=\"https:\/\/renta-med.de\/cms-2017\/wp-content\/uploads\/2021\/07\/DSC06158-300x200.jpg 300w, https:\/\/renta-med.de\/cms-2017\/wp-content\/uploads\/2021\/07\/DSC06158-1030x687.jpg 1030w, https:\/\/renta-med.de\/cms-2017\/wp-content\/uploads\/2021\/07\/DSC06158-768x512.jpg 768w, https:\/\/renta-med.de\/cms-2017\/wp-content\/uploads\/2021\/07\/DSC06158-1536x1024.jpg 1536w, https:\/\/renta-med.de\/cms-2017\/wp-content\/uploads\/2021\/07\/DSC06158-2048x1365.jpg 2048w, https:\/\/renta-med.de\/cms-2017\/wp-content\/uploads\/2021\/07\/DSC06158-1500x1000.jpg 1500w, https:\/\/renta-med.de\/cms-2017\/wp-content\/uploads\/2021\/07\/DSC06158-705x470.jpg 705w, https:\/\/renta-med.de\/cms-2017\/wp-content\/uploads\/2021\/07\/DSC06158-450x300.jpg 450w\" sizes=\"(max-width: 300px) 100vw, 300px\" \/><\/p>\n<\/div><\/section><br \/>\n<div style='padding-bottom:10px;color:#ffffff;' class='av-special-heading av-special-heading-h4 custom-color-heading    '><h4 class='av-special-heading-tag '  itemprop=\"headline\"  >Kontakt<\/h4><div class='special-heading-border'><div class='special-heading-inner-border' style='border-color:#ffffff'><\/div><\/div><\/div><br \/>\n<section class=\"av_textblock_section \"  itemscope=\"itemscope\" itemtype=\"https:\/\/schema.org\/CreativeWork\" ><div class='avia_textblock  av_inherit_color '  style='color:#ffffff; '  itemprop=\"text\" ><p><img loading=\"lazy\" class=\"alignnone size-full wp-image-1746\" src=\"https:\/\/renta-med.de\/cms-2017\/wp-content\/uploads\/2019\/11\/SB-Innen-Klein.jpg\" alt=\"\" width=\"172\" height=\"115\" \/><\/p>\n<p>Sie haben<strong> Interesse an einer Wohn- oder Gewerbefl\u00e4che?<\/strong> Dann rufen Sie uns gern unter der Telefonnummer +49 3344 33599-50 an oder schreiben uns eine <a href=\"mailto:office@renta.de\">E-Mail<\/a>! Wir freuen uns auf Sie.<\/p>\n<\/div><\/section><\/p><\/div><\/div><!--close column table wrapper. Autoclose: 1 --><\/div><\/div><\/div><!-- close content main div --><\/div><\/div><div id='after_section_1' class='main_color av_default_container_wrap container_wrap sidebar_right'   ><div class='container' ><div class='template-page content  av-content-small alpha units'><div class='post-entry post-entry-type-page post-entry-1671'><div class='entry-content-wrapper clearfix'>\n","protected":false},"excerpt":{"rendered":"","protected":false},"author":1,"featured_media":0,"parent":0,"menu_order":0,"comment_status":"closed","ping_status":"closed","template":"","meta":[],"_links":{"self":[{"href":"https:\/\/renta-med.de\/cms-2017\/wp-json\/wp\/v2\/pages\/1671"}],"collection":[{"href":"https:\/\/renta-med.de\/cms-2017\/wp-json\/wp\/v2\/pages"}],"about":[{"href":"https:\/\/renta-med.de\/cms-2017\/wp-json\/wp\/v2\/types\/page"}],"author":[{"embeddable":true,"href":"https:\/\/renta-med.de\/cms-2017\/wp-json\/wp\/v2\/users\/1"}],"replies":[{"embeddable":true,"href":"https:\/\/renta-med.de\/cms-2017\/wp-json\/wp\/v2\/comments?post=1671"}],"version-history":[{"count":10,"href":"https:\/\/renta-med.de\/cms-2017\/wp-json\/wp\/v2\/pages\/1671\/revisions"}],"predecessor-version":[{"id":1977,"href":"https:\/\/renta-med.de\/cms-2017\/wp-json\/wp\/v2\/pages\/1671\/revisions\/1977"}],"wp:attachment":[{"href":"https:\/\/renta-med.de\/cms-2017\/wp-json\/wp\/v2\/media?parent=1671"}],"curies":[{"name":"wp","href":"https:\/\/api.w.org\/{rel}","templated":true}]}}