{"id":1786,"date":"2020-11-26T14:52:23","date_gmt":"2020-11-26T13:52:23","guid":{"rendered":"https:\/\/renta-med.de\/cms-2017\/?page_id=1786"},"modified":"2022-11-04T05:48:53","modified_gmt":"2022-11-04T04:48:53","slug":"wohnturm","status":"publish","type":"page","link":"https:\/\/renta-med.de\/cms-2017\/referenzen\/wohnturm\/","title":{"rendered":"Berlin Marzahn ELLA"},"content":{"rendered":"<\/div><\/div><\/div><!-- close content main div --><\/div><\/div><div id='full_slider_1' class='avia-fullwidth-slider main_color avia-shadow   container_wrap sidebar_right'   ><div  data-size='extra_large'  data-lightbox_size='large'  data-animation='fade'  data-ids='1860,1863,1861'  data-video_counter='0'  data-autoplay='true'  data-bg_slider='false'  data-slide_height=''  data-handle='av_slideshow_full'  data-interval='6'  data-class=' '  data-css_id=''  data-scroll_down=''  data-control_layout='av-control-minimal'  data-custom_markup=''  data-perma_caption=''  data-autoplay_stopper=''  data-image_attachment=''  data-min_height='0px'  data-src=''  data-position='top left'  data-repeat='no-repeat'  data-attach='scroll'  data-stretch=''  data-default-height='100'  class='avia-slideshow avia-slideshow-1  av-control-minimal av-default-height-applied avia-slideshow-extra_large av_slideshow_full   avia-fade-slider '  itemscope=\"itemscope\" itemtype=\"https:\/\/schema.org\/ImageObject\" ><ul class='avia-slideshow-inner' style='padding-bottom: 25.9493670886%;'><li  class=' slide-1 ' ><div data-rel='slideshow-1' class='avia-slide-wrap'  ><img src='https:\/\/renta-med.de\/cms-2017\/wp-content\/uploads\/2020\/11\/5112020_02-PanoramaBild.jpg' width='790' height='205' title='5112020_02 PanoramaBild' alt=''  itemprop=\"thumbnailUrl\"   \/><\/div><\/li><li  class=' slide-2 ' ><div data-rel='slideshow-1' class='avia-slide-wrap'  ><img src='https:\/\/renta-med.de\/cms-2017\/wp-content\/uploads\/2020\/11\/25112020_03-PanoramaBild.jpg' width='790' height='205' title='25112020_03 PanoramaBild' alt=''  itemprop=\"thumbnailUrl\"   \/><\/div><\/li><li  class=' slide-3 ' ><div data-rel='slideshow-1' class='avia-slide-wrap'  ><img src='https:\/\/renta-med.de\/cms-2017\/wp-content\/uploads\/2020\/11\/25112020_01-Panorama-Bild.jpg' width='790' height='205' title='25112020_01 Panorama Bild' alt=''  itemprop=\"thumbnailUrl\"   \/><\/div><\/li><\/ul><div class='avia-slideshow-arrows avia-slideshow-controls'><a href='#prev' class='prev-slide' aria-hidden='true' data-av_icon='\ue87c' data-av_iconfont='entypo-fontello'>Zur\u00fcck<\/a><a href='#next' class='next-slide' aria-hidden='true' data-av_icon='\ue87d' data-av_iconfont='entypo-fontello'>Weiter<\/a><\/div><div class='avia-slideshow-dots avia-slideshow-controls'><a href='#1' class='goto-slide active' >1<\/a><a href='#2' class='goto-slide ' >2<\/a><a href='#3' class='goto-slide ' >3<\/a><\/div><\/div><\/div>\n<\/div><\/div><\/div><!-- close content main div --><\/div><\/div><div id='av-layout-grid-1' class='av-layout-grid-container entry-content-wrapper main_color av-fixed-cells    container_wrap sidebar_right'   >\n<div class=\"flex_cell no_margin av_one_half   \" style='vertical-align:top; padding:9px 0px 0px 0px ; background-color:#9f2134; '><div class='flex_cell_inner' ><\/div><\/div><div class=\"flex_cell no_margin av_one_half   \" style='vertical-align:top; padding:9px 0px 0px 0px ; background-color:#9f2134; '><div class='flex_cell_inner' ><\/div><\/div>\n<\/div>\n<\/div><\/div><\/div><!-- close content main div --><\/div><\/div><div id='av_section_1' class='avia-section main_color avia-section-huge avia-no-border-styling avia-bg-style-scroll   container_wrap sidebar_right'   ><div class='container' ><div class='template-page content  av-content-small alpha units'><div class='post-entry post-entry-type-page post-entry-1786'><div class='entry-content-wrapper clearfix'>\n<div class='flex_column_table av-equal-height-column-flextable -flextable' style='margin-top:-200px; margin-bottom:0px; '><div class=\"flex_column av_two_third  flex_column_table_cell av-equal-height-column av-align-top first  \" style='padding:40px; background-color:#dddddd; border-radius:0; '><p><div style='padding-bottom:10px;color:#000000;font-size:25px;' class='av-special-heading av-special-heading-h2 custom-color-heading blockquote modern-quote   av-inherit-size '><h2 class='av-special-heading-tag '  itemprop=\"headline\"  >ELLA Wohnturm Berlin-Marzahn<\/h2><div class='special-heading-border'><div class='special-heading-inner-border' style='border-color:#000000'><\/div><\/div><\/div><br \/>\n<div style='height:20px' class='hr hr-invisible  '><span class='hr-inner ' ><span class='hr-inner-style'><\/span><\/span><\/div><br \/>\n<section class=\"av_textblock_section \"  itemscope=\"itemscope\" itemtype=\"https:\/\/schema.org\/CreativeWork\" ><div class='avia_textblock  '   itemprop=\"text\" ><div class=\"art-postheadericons art-metadata-icons\" style=\"text-align: justify;\"><\/div>\n<div class=\"art-postcontent\">\n<div class=\"art-article\">\n<div class=\"art-postcontent\">\n<div class=\"art-article\">\n<p><em>&#8211; Neubau eines Wohnhochhauses an der Mehrower Allee &#8211;\u00a0 \u00a0<\/em><\/p>\n<p style=\"text-align: justify;\">Wir bauen f\u00fcr Sie! Mitten in dem lebendigen und dicht besiedelten Wohngebiet in der Mehrower Allee\/Ecke Sella-Hasse-Stra\u00dfe entsteht ein markantes, modernes Wohnhochhaus mit attraktiven Gewerbefl\u00e4chen.<\/p>\n<p style=\"text-align: justify;\">Die beiden <strong>Gewerbefl\u00e4chen <\/strong>im ELLA\u00a0<span style=\"text-align: center;\">mit jeweils ca. 155 m\u00b2<\/span>\u00a0 k\u00f6nnen zu einer <span style=\"text-align: center;\">Gewerbeeinheit mit einer Nutzfl\u00e4che von 310 m\u00b2 verbunden werden. <\/span>D<span style=\"text-align: center;\">ie <strong>Fl\u00e4chen<\/strong> werden nutzerneutral errichtet und im Rohbau \u00fcbergeben. \u00dcber den erforderlichen Innenausbau wie Bodenbelag, Sanit\u00e4reinrichtungen, Technik und die individuelle Raumaufteilung kann verhandelt werden.\u00a0<\/span><\/p>\n<\/div>\n<\/div>\n<\/div>\n<\/div>\n<div class=\"art-postcontent\" style=\"text-align: justify;\">\n<div class=\"art-article\">\n<div class=\"art-postcontent\">\n<div class=\"art-article\"><\/div>\n<\/div>\n<\/div>\n<\/div>\n<div class=\"art-postcontent\">\n<div class=\"art-article\">\n<div class=\"art-postcontent\">\n<div class=\"art-article\" style=\"text-align: justify;\">In den <strong>Geschossen 1 bis 4<\/strong>\u00a0werden Senioren &#8211; Wohngemeinschaften durch die <strong>ProWia<\/strong> Projekte f\u00fcr das Wohnen im Alter GmbH eingerichtet. Insgesamt 4 betreute Wohngemeinschaften, die barrierefrei und ganz auf die Bed\u00fcrfnisse von Senioren abgestimmt werden, entstehen auf diesen Ebenen.<\/div>\n<div><\/div>\n<div class=\"art-article\" style=\"text-align: justify;\">Die <strong>Geschosse 5 bis 6<\/strong> umfassen<strong>\u00a0Appartements\u00a0<\/strong>mit einer Fl\u00e4che von 28 m\u00b2 bis ca. 48 m\u00b2 inklusive K\u00fcche\u00a0 und teilweise mit einem Balkon.<\/div>\n<div><\/div>\n<div class=\"art-article\" style=\"text-align: justify;\">In den dar\u00fcber liegenden <strong>Etagen 7 bis 12<\/strong>\u00a0 komfortable und moderne <strong>Wohnungen<\/strong> mit einer Gr\u00f6\u00dfe von 55 m\u00b2 bis ca. 83 m\u00b2.\u00a0 Auch diese Wohnungen werden barrierefrei gestaltet, haben einen Balkon oder eine Loggia, eine Wohnk\u00fcche und sind lichtdurchflutet mit einer gehobenen Ausstattung sowie sehr vorteilhaften Grundrissen. Hier wurde jeder Quadratmeter durchdacht.<\/div>\n<div><\/div>\n<div class=\"art-article\" style=\"text-align: justify;\">Im <strong>Staffelgeschoss<\/strong>\u00a0warten nach Baufertigstellung 2 <strong>Penthouses Wohnungen<\/strong> mit Dachterrasse und einem einmaligen Blick \u00fcber die Hauptstadt auf neue Bewohner.\u00a0 Selbstverst\u00e4ndlich haben wir an den Sonnenschutz gedacht.<\/div>\n<\/div>\n<\/div>\n<\/div>\n<div class=\"art-postcontent\">\n<div class=\"art-article\">\n<p><strong>Grundausstattung<\/strong><\/p>\n<p style=\"text-align: justify;\">Alle Wohnungen werden barrierefrei sein mit gut durchdachten Grundrissen sowie der Einrichtung zur Schaffung einer Wohnk\u00fcche. Die Fu\u00dfbodenheizung sorgt f\u00fcr eine angenehme W\u00e4rme und die gro\u00dfen Fenster lassen viel Tageslicht in die Wohnungen. In den Etagen 1 bis 6 wird ein gesundes Raumklima durch eine moderne L\u00fcftungsanlage gew\u00e4hrleistet. Eine energiewirtschaftlich optimierte Planung des Geb\u00e4udes sorgt f\u00fcr geringe Betriebs- und Heizkosten. Besonderes Augenmerk legen wir auf digitale Anschlussm\u00f6glichkeiten f\u00fcr unsere Mieter. Daher ist auch insbesondere das Arbeiten im Homeoffice ohne Einschr\u00e4nkungen m\u00f6glich. Der Highspeed Internetanschluss versorgt das gesamte Haus. Alle Wohnungen erhalten einen Abstellraum im Keller und es k\u00f6nnen PKW Stellpl\u00e4tze gemietet werden. Direkt vor der Haust\u00fcr erwartet Sie eine ruhige und gepflegte Gartenfl\u00e4che mit Spielplatz sowie Sitzm\u00f6glichkeiten, welche durch unsere Hausverwaltung bewirtschaftet werden.<\/p>\n<\/div>\n<div class=\"art-article\">\n<p><strong>Lage<\/strong><\/p>\n<div class=\"art-postcontent\">\n<p>Die Einkaufspassage das &#8222;Plaza Marzahn&#8220; bietet die Versorgung mit Waren des t\u00e4glichen Bedarfs. Der \u00c4rztehauskomplex sichert mit zahlreichen Fachrichtungen inklusive Fitness-Studio die medizinische Versorgung ab.<\/p>\n<p>Beides liegt in unmittelbarer N\u00e4he und ist bequem zu Fu\u00df zu erreichen.<\/p>\n<p>Die S-Bahnstation Mehrower Allee, zwei Bus- und Stra\u00dfenbahnlinien stehen direkt zur Verf\u00fcgung.<\/p>\n<p><strong>Eckdaten<\/strong><\/p>\n<ul>\n<li>Fertigstellung:\u00a0 geplant im Juli 2022<\/li>\n<li>Wohnfl\u00e4che: gesamt 5.798 m\u00b2<\/li>\n<li>Gewerbefl\u00e4che: gesamt ca. 310 m\u00b2<\/li>\n<li>40 Wohnungen von 55 m\u00b2 bis 113 m\u00b2<\/li>\n<li>24 Appartements von 28 m\u00b2 bis 48 m\u00b2<\/li>\n<li>4 betreute Wohngemeinschaften f\u00fcr Senioren<\/li>\n<li>2 Gewerbeeinheiten mit je ca. 155 m\u00b2<\/li>\n<li>Fahrstuhl, barrierefrei<\/li>\n<li>Highspeed Internet Anschluss<\/li>\n<li>Fu\u00dfbodenheizung<\/li>\n<li>Balkon oder Loggia<\/li>\n<li>Fahrradgarage<\/li>\n<li>PKW Stellpl\u00e4tze auf Anfrage<\/li>\n<li>Abstellm\u00f6glichkeiten im Erdgeschoss<\/li>\n<\/ul>\n<p>Haben Sie Fragen oder m\u00f6chten Sie sich schon als Interessent registrieren lassen? Dann scheuen Sie sich nicht und rufen Sie uns unter der 030\/84415249 an oder <strong><a href=\"mailto:ella@renta.de\">Schreiben Sie uns eine E-Mail<\/a><\/strong>. Gern beantworten wir Ihre Fragen und informieren Sie zu unseren Baufortschritten.<\/p>\n<\/div>\n<p>Dieses Bauvorhaben realisieren wir zusammen mit der <a href=\"https:\/\/www.kondorwessels.com\/referenzen\/mehrower-allee\/?filter=&amp;ort=\">Kondor Wessels Bouw Berlin GmbH<\/a>.<\/p>\n<\/div>\n<\/div>\n<div class=\"art-postcontent\"><\/div>\n<\/div><\/section><\/p><\/div><\/div><!--close column table wrapper. Autoclose: 1 --><div class='flex_column_table av-equal-height-column-flextable -flextable' style='margin-top:-200px; margin-bottom:0px; '><div class='av-flex-placeholder'><\/div><div class=\"flex_column av_one_third  flex_column_table_cell av-equal-height-column av-align-top   \" style='padding:40px; background-color:#9f2134; border-radius:0px; '><p><div style='padding-bottom:10px;color:#ffffff;' class='av-special-heading av-special-heading-h4 custom-color-heading    '><h4 class='av-special-heading-tag '  itemprop=\"headline\"  >WEBSITE<\/h4><div class='special-heading-border'><div class='special-heading-inner-border' style='border-color:#ffffff'><\/div><\/div><\/div><br \/>\n<section class=\"av_textblock_section \"  itemscope=\"itemscope\" itemtype=\"https:\/\/schema.org\/CreativeWork\" ><div class='avia_textblock  av_inherit_color '  style='color:#ffffff; '  itemprop=\"text\" ><p><img loading=\"lazy\" class=\"alignnone size-medium wp-image-1899 aligncenter\" src=\"https:\/\/renta-med.de\/cms-2017\/wp-content\/uploads\/2021\/07\/Hausansicht-212x300.jpg\" alt=\"\" width=\"212\" height=\"300\" srcset=\"https:\/\/renta-med.de\/cms-2017\/wp-content\/uploads\/2021\/07\/Hausansicht-212x300.jpg 212w, https:\/\/renta-med.de\/cms-2017\/wp-content\/uploads\/2021\/07\/Hausansicht-498x705.jpg 498w, https:\/\/renta-med.de\/cms-2017\/wp-content\/uploads\/2021\/07\/Hausansicht-450x637.jpg 450w, https:\/\/renta-med.de\/cms-2017\/wp-content\/uploads\/2021\/07\/Hausansicht.jpg 620w\" sizes=\"(max-width: 212px) 100vw, 212px\" \/><\/p>\n<\/div><\/section><br \/>\n<div style='padding-bottom:10px;color:#ffffff;' class='av-special-heading av-special-heading-h4 custom-color-heading    '><h4 class='av-special-heading-tag '  itemprop=\"headline\"  >Baubetreuung<\/h4><div class='special-heading-border'><div class='special-heading-inner-border' style='border-color:#ffffff'><\/div><\/div><\/div><br \/>\n<section class=\"av_textblock_section \"  itemscope=\"itemscope\" itemtype=\"https:\/\/schema.org\/CreativeWork\" ><div class='avia_textblock  av_inherit_color '  style='color:#ffffff; '  itemprop=\"text\" ><p>F\u00fcr Fragen zum Bauvorhaben stehen wir Ihnen gern zur Verf\u00fcgung:<\/p>\n<p>RENTAmed Verwaltungsgesellschaft mbH<br \/>\nBerliner Stra\u00dfe 1<br \/>\n16259 Bad Freienwalde<br \/>\nTel.: +49 30 84415245<\/p>\n<p><a href=\"mailto:mehrower@renta.de\">ella@renta.de<\/a><\/p>\n<p><img loading=\"lazy\" class=\"alignnone size-medium wp-image-1827\" src=\"https:\/\/renta-med.de\/cms-2017\/wp-content\/uploads\/2020\/06\/Ella_Logo-300x300.jpg\" alt=\"\" width=\"300\" height=\"300\" srcset=\"https:\/\/renta-med.de\/cms-2017\/wp-content\/uploads\/2020\/06\/Ella_Logo-300x300.jpg 300w, https:\/\/renta-med.de\/cms-2017\/wp-content\/uploads\/2020\/06\/Ella_Logo-80x80.jpg 80w, https:\/\/renta-med.de\/cms-2017\/wp-content\/uploads\/2020\/06\/Ella_Logo-36x36.jpg 36w, https:\/\/renta-med.de\/cms-2017\/wp-content\/uploads\/2020\/06\/Ella_Logo-180x180.jpg 180w, https:\/\/renta-med.de\/cms-2017\/wp-content\/uploads\/2020\/06\/Ella_Logo-120x120.jpg 120w, https:\/\/renta-med.de\/cms-2017\/wp-content\/uploads\/2020\/06\/Ella_Logo-450x450.jpg 450w, https:\/\/renta-med.de\/cms-2017\/wp-content\/uploads\/2020\/06\/Ella_Logo.jpg 650w\" sizes=\"(max-width: 300px) 100vw, 300px\" \/><\/p>\n<\/div><\/section><br \/>\n<div style='padding-bottom:10px;color:#ffffff;' class='av-special-heading av-special-heading-h4 custom-color-heading    '><h4 class='av-special-heading-tag '  itemprop=\"headline\"  >WOHUNGSBESICHTIGUNGEN STARTEN<\/h4><div class='special-heading-border'><div class='special-heading-inner-border' style='border-color:#ffffff'><\/div><\/div><\/div><br \/>\n<section class=\"av_textblock_section \"  itemscope=\"itemscope\" itemtype=\"https:\/\/schema.org\/CreativeWork\" ><div class='avia_textblock  av_inherit_color '  style='color:#ffffff; '  itemprop=\"text\" ><p><img loading=\"lazy\" class=\"alignnone size-medium wp-image-2027\" src=\"https:\/\/renta-med.de\/cms-2017\/wp-content\/uploads\/2022\/03\/MG_7973-300x200.jpg\" alt=\"\" width=\"300\" height=\"200\" srcset=\"https:\/\/renta-med.de\/cms-2017\/wp-content\/uploads\/2022\/03\/MG_7973-300x200.jpg 300w, https:\/\/renta-med.de\/cms-2017\/wp-content\/uploads\/2022\/03\/MG_7973-1030x686.jpg 1030w, https:\/\/renta-med.de\/cms-2017\/wp-content\/uploads\/2022\/03\/MG_7973-768x512.jpg 768w, https:\/\/renta-med.de\/cms-2017\/wp-content\/uploads\/2022\/03\/MG_7973-1536x1024.jpg 1536w, https:\/\/renta-med.de\/cms-2017\/wp-content\/uploads\/2022\/03\/MG_7973-1500x1000.jpg 1500w, https:\/\/renta-med.de\/cms-2017\/wp-content\/uploads\/2022\/03\/MG_7973-705x470.jpg 705w, https:\/\/renta-med.de\/cms-2017\/wp-content\/uploads\/2022\/03\/MG_7973-450x300.jpg 450w, https:\/\/renta-med.de\/cms-2017\/wp-content\/uploads\/2022\/03\/MG_7973.jpg 2000w\" sizes=\"(max-width: 300px) 100vw, 300px\" \/> <img loading=\"lazy\" class=\"alignnone size-medium wp-image-2028\" src=\"https:\/\/renta-med.de\/cms-2017\/wp-content\/uploads\/2022\/03\/MG_7986-300x200.jpg\" alt=\"\" width=\"300\" height=\"200\" srcset=\"https:\/\/renta-med.de\/cms-2017\/wp-content\/uploads\/2022\/03\/MG_7986-300x200.jpg 300w, https:\/\/renta-med.de\/cms-2017\/wp-content\/uploads\/2022\/03\/MG_7986-1030x686.jpg 1030w, https:\/\/renta-med.de\/cms-2017\/wp-content\/uploads\/2022\/03\/MG_7986-768x512.jpg 768w, https:\/\/renta-med.de\/cms-2017\/wp-content\/uploads\/2022\/03\/MG_7986-1536x1024.jpg 1536w, https:\/\/renta-med.de\/cms-2017\/wp-content\/uploads\/2022\/03\/MG_7986-1500x1000.jpg 1500w, https:\/\/renta-med.de\/cms-2017\/wp-content\/uploads\/2022\/03\/MG_7986-705x470.jpg 705w, https:\/\/renta-med.de\/cms-2017\/wp-content\/uploads\/2022\/03\/MG_7986-450x300.jpg 450w, https:\/\/renta-med.de\/cms-2017\/wp-content\/uploads\/2022\/03\/MG_7986.jpg 2000w\" sizes=\"(max-width: 300px) 100vw, 300px\" \/> <img loading=\"lazy\" class=\"alignnone size-medium wp-image-2029\" src=\"https:\/\/renta-med.de\/cms-2017\/wp-content\/uploads\/2022\/03\/MG_8035-300x200.jpg\" alt=\"\" width=\"300\" height=\"200\" srcset=\"https:\/\/renta-med.de\/cms-2017\/wp-content\/uploads\/2022\/03\/MG_8035-300x200.jpg 300w, https:\/\/renta-med.de\/cms-2017\/wp-content\/uploads\/2022\/03\/MG_8035-1030x686.jpg 1030w, https:\/\/renta-med.de\/cms-2017\/wp-content\/uploads\/2022\/03\/MG_8035-768x512.jpg 768w, https:\/\/renta-med.de\/cms-2017\/wp-content\/uploads\/2022\/03\/MG_8035-1536x1024.jpg 1536w, https:\/\/renta-med.de\/cms-2017\/wp-content\/uploads\/2022\/03\/MG_8035-1500x1000.jpg 1500w, https:\/\/renta-med.de\/cms-2017\/wp-content\/uploads\/2022\/03\/MG_8035-705x470.jpg 705w, https:\/\/renta-med.de\/cms-2017\/wp-content\/uploads\/2022\/03\/MG_8035-450x300.jpg 450w, https:\/\/renta-med.de\/cms-2017\/wp-content\/uploads\/2022\/03\/MG_8035.jpg 2000w\" sizes=\"(max-width: 300px) 100vw, 300px\" \/> <img loading=\"lazy\" class=\"alignnone size-medium wp-image-2030\" src=\"https:\/\/renta-med.de\/cms-2017\/wp-content\/uploads\/2022\/03\/MG_7993-300x200.jpg\" alt=\"\" width=\"300\" height=\"200\" srcset=\"https:\/\/renta-med.de\/cms-2017\/wp-content\/uploads\/2022\/03\/MG_7993-300x200.jpg 300w, https:\/\/renta-med.de\/cms-2017\/wp-content\/uploads\/2022\/03\/MG_7993-1030x686.jpg 1030w, https:\/\/renta-med.de\/cms-2017\/wp-content\/uploads\/2022\/03\/MG_7993-768x512.jpg 768w, https:\/\/renta-med.de\/cms-2017\/wp-content\/uploads\/2022\/03\/MG_7993-1536x1024.jpg 1536w, https:\/\/renta-med.de\/cms-2017\/wp-content\/uploads\/2022\/03\/MG_7993-1500x1000.jpg 1500w, https:\/\/renta-med.de\/cms-2017\/wp-content\/uploads\/2022\/03\/MG_7993-705x470.jpg 705w, https:\/\/renta-med.de\/cms-2017\/wp-content\/uploads\/2022\/03\/MG_7993-450x300.jpg 450w, https:\/\/renta-med.de\/cms-2017\/wp-content\/uploads\/2022\/03\/MG_7993.jpg 2000w\" sizes=\"(max-width: 300px) 100vw, 300px\" \/> <img loading=\"lazy\" class=\"alignnone size-medium wp-image-2032\" src=\"https:\/\/renta-med.de\/cms-2017\/wp-content\/uploads\/2022\/03\/MG_8014-300x200.jpg\" alt=\"\" width=\"300\" height=\"200\" srcset=\"https:\/\/renta-med.de\/cms-2017\/wp-content\/uploads\/2022\/03\/MG_8014-300x200.jpg 300w, https:\/\/renta-med.de\/cms-2017\/wp-content\/uploads\/2022\/03\/MG_8014-1030x686.jpg 1030w, https:\/\/renta-med.de\/cms-2017\/wp-content\/uploads\/2022\/03\/MG_8014-768x512.jpg 768w, https:\/\/renta-med.de\/cms-2017\/wp-content\/uploads\/2022\/03\/MG_8014-1536x1024.jpg 1536w, https:\/\/renta-med.de\/cms-2017\/wp-content\/uploads\/2022\/03\/MG_8014-1500x1000.jpg 1500w, https:\/\/renta-med.de\/cms-2017\/wp-content\/uploads\/2022\/03\/MG_8014-705x470.jpg 705w, https:\/\/renta-med.de\/cms-2017\/wp-content\/uploads\/2022\/03\/MG_8014-450x300.jpg 450w, https:\/\/renta-med.de\/cms-2017\/wp-content\/uploads\/2022\/03\/MG_8014.jpg 2000w\" sizes=\"(max-width: 300px) 100vw, 300px\" \/><\/p>\n<p><img loading=\"lazy\" class=\"alignnone size-medium wp-image-2026\" src=\"https:\/\/renta-med.de\/cms-2017\/wp-content\/uploads\/2022\/03\/MG_8139-300x200.jpg\" alt=\"\" width=\"300\" height=\"200\" srcset=\"https:\/\/renta-med.de\/cms-2017\/wp-content\/uploads\/2022\/03\/MG_8139-300x200.jpg 300w, https:\/\/renta-med.de\/cms-2017\/wp-content\/uploads\/2022\/03\/MG_8139-1030x686.jpg 1030w, https:\/\/renta-med.de\/cms-2017\/wp-content\/uploads\/2022\/03\/MG_8139-768x512.jpg 768w, https:\/\/renta-med.de\/cms-2017\/wp-content\/uploads\/2022\/03\/MG_8139-1536x1024.jpg 1536w, https:\/\/renta-med.de\/cms-2017\/wp-content\/uploads\/2022\/03\/MG_8139-1500x1000.jpg 1500w, https:\/\/renta-med.de\/cms-2017\/wp-content\/uploads\/2022\/03\/MG_8139-705x470.jpg 705w, https:\/\/renta-med.de\/cms-2017\/wp-content\/uploads\/2022\/03\/MG_8139-450x300.jpg 450w, https:\/\/renta-med.de\/cms-2017\/wp-content\/uploads\/2022\/03\/MG_8139.jpg 2000w\" sizes=\"(max-width: 300px) 100vw, 300px\" \/><\/p>\n<p>Seit M\u00e4rz 2022 k\u00f6nnen Musterwohnungen besichtigten werden. Dies umfasst die 1-Raum, 2-Raum und die 3-Raum Wohnungen.<\/p>\n<p>Bei Interesse finden Sie hier die Kontaktdaten:<\/p>\n<p><a href=\"https:\/\/www.immobilienscout24.de\/neubau\/rentamed-verwaltungsges-mbh\/wohnen-im-ella\/107047.html\">https:\/\/www.immobilienscout24.de\/neubau\/rentamed-verwaltungsges-mbh\/wohnen-im-ella\/107047.html<\/a><\/p>\n<\/div><\/section><\/p><\/div><\/div><!--close column table wrapper. Autoclose: 1 --><\/div><\/div><\/div><!-- close content main div --><\/div><\/div><div id='after_section_1' class='main_color av_default_container_wrap container_wrap sidebar_right'   ><div class='container' ><div class='template-page content  av-content-small alpha units'><div class='post-entry post-entry-type-page post-entry-1786'><div class='entry-content-wrapper clearfix'>\n","protected":false},"excerpt":{"rendered":"","protected":false},"author":1,"featured_media":0,"parent":1378,"menu_order":0,"comment_status":"closed","ping_status":"closed","template":"","meta":[],"_links":{"self":[{"href":"https:\/\/renta-med.de\/cms-2017\/wp-json\/wp\/v2\/pages\/1786"}],"collection":[{"href":"https:\/\/renta-med.de\/cms-2017\/wp-json\/wp\/v2\/pages"}],"about":[{"href":"https:\/\/renta-med.de\/cms-2017\/wp-json\/wp\/v2\/types\/page"}],"author":[{"embeddable":true,"href":"https:\/\/renta-med.de\/cms-2017\/wp-json\/wp\/v2\/users\/1"}],"replies":[{"embeddable":true,"href":"https:\/\/renta-med.de\/cms-2017\/wp-json\/wp\/v2\/comments?post=1786"}],"version-history":[{"count":10,"href":"https:\/\/renta-med.de\/cms-2017\/wp-json\/wp\/v2\/pages\/1786\/revisions"}],"predecessor-version":[{"id":2042,"href":"https:\/\/renta-med.de\/cms-2017\/wp-json\/wp\/v2\/pages\/1786\/revisions\/2042"}],"up":[{"embeddable":true,"href":"https:\/\/renta-med.de\/cms-2017\/wp-json\/wp\/v2\/pages\/1378"}],"wp:attachment":[{"href":"https:\/\/renta-med.de\/cms-2017\/wp-json\/wp\/v2\/media?parent=1786"}],"curies":[{"name":"wp","href":"https:\/\/api.w.org\/{rel}","templated":true}]}}