{"id":330,"date":"2016-02-29T13:10:37","date_gmt":"2016-02-29T13:10:37","guid":{"rendered":"http:\/\/test.kriesi.at\/travel\/?page_id=2"},"modified":"2023-06-05T11:59:45","modified_gmt":"2023-06-05T09:59:45","slug":"home","status":"publish","type":"page","link":"https:\/\/renta-med.de\/cms-2017\/","title":{"rendered":"Home"},"content":{"rendered":"<\/div><\/div><\/div><!-- close content main div --><\/div><\/div><div id='full_slider_1' class='avia-fullwidth-slider main_color avia-shadow   container_wrap sidebar_right'   ><div  data-size='extra_large'  data-lightbox_size='large'  data-animation='fade'  data-ids='1924,1421,1425,1422,1929,1941,1988'  data-video_counter='0'  data-autoplay='true'  data-bg_slider='false'  data-slide_height=''  data-handle='av_slideshow_full'  data-interval='6'  data-class=' '  data-css_id=''  data-scroll_down=''  data-control_layout='av-control-minimal'  data-custom_markup=''  data-perma_caption='aviaTBperma_caption'  data-autoplay_stopper=''  data-image_attachment=''  data-min_height='0px'  data-src=''  data-position='top left'  data-repeat='no-repeat'  data-attach='scroll'  data-stretch=''  data-default-height='100'  class='avia-slideshow avia-slideshow-1  av-control-minimal av-default-height-applied avia-slideshow-extra_large av_slideshow_full   avia-fade-slider '  itemscope=\"itemscope\" itemtype=\"https:\/\/schema.org\/ImageObject\" ><ul class='avia-slideshow-inner' style='padding-bottom: 25.9493670886%;'><li  class=' slide-1 ' ><div data-rel='slideshow-1' class='avia-slide-wrap'  ><img src='https:\/\/renta-med.de\/cms-2017\/wp-content\/uploads\/2021\/07\/20210720-Slider-SPA-Frontansicht.jpg' width='790' height='205' title='20210720 Slider SPA Frontansicht' alt=''  itemprop=\"thumbnailUrl\"   \/><\/div><\/li><li  class=' slide-2 ' ><div data-rel='slideshow-1' class='avia-slide-wrap'  ><img src='https:\/\/renta-med.de\/cms-2017\/wp-content\/uploads\/2016\/02\/faz_gzs1.jpg' width='768' height='198' title='faz_gzs1' alt=''  itemprop=\"thumbnailUrl\"   \/><div class='av-section-color-overlay' style='opacity: 0.4; background-color: #ffffff; '><\/div><\/div><\/li><li  class=' slide-3 ' ><div data-rel='slideshow-1' class='avia-slide-wrap'  ><img src='https:\/\/renta-med.de\/cms-2017\/wp-content\/uploads\/2016\/02\/schw_roentgenstr6.jpg' width='768' height='198' title='schw_roentgenstr6' alt=''  itemprop=\"thumbnailUrl\"   \/><\/div><\/li><li  class=' slide-4 ' ><div data-rel='slideshow-1' class='avia-slide-wrap'  ><img src='https:\/\/renta-med.de\/cms-2017\/wp-content\/uploads\/2016\/02\/faz_schw_ahw2.jpg' width='790' height='205' title='faz_schw_ahw2' alt=''  itemprop=\"thumbnailUrl\"   \/><\/div><\/li><li  class=' slide-5 ' ><div data-rel='slideshow-1' class='avia-slide-wrap'  ><img src='https:\/\/renta-med.de\/cms-2017\/wp-content\/uploads\/2021\/07\/20210720-Slider-ELLA2.jpg' width='790' height='205' title='20210720 Slider ELLA2' alt=''  itemprop=\"thumbnailUrl\"   \/><\/div><\/li><li  class=' slide-6 ' ><div data-rel='slideshow-1' class='avia-slide-wrap'  ><img src='https:\/\/renta-med.de\/cms-2017\/wp-content\/uploads\/2021\/07\/20210720-Slider-GSA10-_.jpg' width='790' height='205' title='20210720 Slider GSA10 _' alt=''  itemprop=\"thumbnailUrl\"   \/><\/div><\/li><li  class=' slide-7 ' ><div data-rel='slideshow-1' class='avia-slide-wrap'  ><img src='https:\/\/renta-med.de\/cms-2017\/wp-content\/uploads\/2021\/07\/20210720-Slider-SPA_n.jpg' width='790' height='205' title='20210720 Slider SPA_n' alt=''  itemprop=\"thumbnailUrl\"   \/><\/div><\/li><\/ul><div class='avia-slideshow-arrows avia-slideshow-controls'><a href='#prev' class='prev-slide' aria-hidden='true' data-av_icon='\ue87c' data-av_iconfont='entypo-fontello'>Zur\u00fcck<\/a><a href='#next' class='next-slide' aria-hidden='true' data-av_icon='\ue87d' data-av_iconfont='entypo-fontello'>Weiter<\/a><\/div><div class='avia-slideshow-dots avia-slideshow-controls'><a href='#1' class='goto-slide active' >1<\/a><a href='#2' class='goto-slide ' >2<\/a><a href='#3' class='goto-slide ' >3<\/a><a href='#4' class='goto-slide ' >4<\/a><a href='#5' class='goto-slide ' >5<\/a><a href='#6' class='goto-slide ' >6<\/a><a href='#7' class='goto-slide ' >7<\/a><\/div><div class = \"caption_fullwidth av-slideshow-caption caption_center caption_center_framed caption_framed\"><div class = \"container caption_container\"><div class = \"slideshow_caption\"><div class = \"slideshow_inner_caption\"><div class = \"slideshow_align_caption\"><h2  style='font-size:30px; color:#ffffff; ' class='avia-caption-title '  itemprop=\"name\" >Investor und Projektentwickler f\u00fcr Gesundheitsimmobilien<\/h2><\/div><\/div><\/div><\/div><\/div><\/div><\/div>\n<\/div><\/div><\/div><!-- close content main div --><\/div><\/div><div id='av-layout-grid-1' class='av-layout-grid-container entry-content-wrapper main_color av-fixed-cells    container_wrap sidebar_right'   >\n<div class=\"flex_cell no_margin av_one_half   \" style='vertical-align:top; padding:9px 0px 0px 0px ; background-color:#9f2134; '><div class='flex_cell_inner' ><\/div><\/div><div class=\"flex_cell no_margin av_one_half   \" style='vertical-align:top; padding:9px 0px 0px 0px ; background-color:#9f2134; '><div class='flex_cell_inner' ><\/div><\/div>\n<\/div>\n<\/div><\/div><\/div><!-- close content main div --><\/div><\/div><div id='av_section_1' class='avia-section main_color avia-section-huge avia-no-border-styling avia-bg-style-scroll   container_wrap sidebar_right'   ><div class='container' ><div class='template-page content  av-content-small alpha units'><div class='post-entry post-entry-type-page post-entry-330'><div class='entry-content-wrapper clearfix'>\n<div class='flex_column_table av-equal-height-column-flextable -flextable' ><div class=\"flex_column av_one_half  flex_column_table_cell av-equal-height-column av-align-top first  \" style='padding:40px; background-color:#9f2134; border-radius:0px; '><p><span class=\"av_font_icon avia_animate_when_visible  av-icon-style-  avia-icon-pos-center \" style=\"color:#ffffff; border-color:#ffffff;\"><span class='av-icon-char' style='font-size:60px;line-height:60px;' aria-hidden='true' data-av_icon='\ue821' data-av_iconfont='entypo-fontello' ><\/span><\/span><br \/>\n<div style='padding-bottom:10px;color:#ffffff;' class='av-special-heading av-special-heading-h3 custom-color-heading blockquote modern-quote modern-centered   '><h3 class='av-special-heading-tag '  itemprop=\"headline\"  >AKTUELLE PROJEKTE<\/h3><div class='special-heading-border'><div class='special-heading-inner-border' style='border-color:#ffffff'><\/div><\/div><\/div><br \/>\n<div style='height:20px' class='hr hr-invisible  '><span class='hr-inner ' ><span class='hr-inner-style'><\/span><\/span><\/div><br \/>\n<section class=\"av_textblock_section \"  itemscope=\"itemscope\" itemtype=\"https:\/\/schema.org\/CreativeWork\" ><div class='avia_textblock  av_inherit_color '  style='color:#ffffff; '  itemprop=\"text\" ><h4 style=\"text-align: center;\"><strong>SCHWERIN, Friedensstra\u00dfe<\/strong><\/h4>\n<p style=\"text-align: center;\">Neubau eines Mehrfamilienhauses in der Friedensstra\u00dfe, Schwerin.<br \/>\nDas moderne Geb\u00e4ude liegt im lebendigen Stadtteil Paulstadt, westlich der Schweriner Altstadt.<br \/>\nDas Wohnhaus wird allen Anspr\u00fcchen f\u00fcr modernes Wohnen f\u00fcr Jung und Alt gerecht. Die Wohnungen sind barrierefrei und durch einen Personenaufzug gut erreichbar.<\/p>\n<\/div><\/section><br \/>\n<div style='height:8px' class='hr hr-invisible  '><span class='hr-inner ' ><span class='hr-inner-style'><\/span><\/span><\/div><br \/>\n<div class='avia-button-wrap avia-button-center '><a href='https:\/\/renta-med.de\/cms-2017\/schwerin-friedensstrasse\/' class='avia-button   avia-icon_select-no avia-color-light avia-size-medium avia-position-center '   ><span class='avia_iconbox_title' >Friedensstra\u00dfe, SCHWERIN<\/span><\/a><\/div><\/p><\/div><\/div><!--close column table wrapper. Autoclose: 1 --><div class='flex_column_table av-equal-height-column-flextable -flextable' ><div class='av-flex-placeholder'><\/div><div class=\"flex_column av_one_half  flex_column_table_cell av-equal-height-column av-align-top   \" style='padding:40px; background-color:#9f2134; border-radius:0px; '><p><span class=\"av_font_icon avia_animate_when_visible  av-icon-style-  avia-icon-pos-center \" style=\"color:#ffffff; border-color:#ffffff;\"><span class='av-icon-char' style='font-size:60px;line-height:60px;' aria-hidden='true' data-av_icon='\ue864' data-av_iconfont='entypo-fontello' ><\/span><\/span><br \/>\n<div style='padding-bottom:10px;color:#ffffff;' class='av-special-heading av-special-heading-h3 custom-color-heading blockquote modern-quote modern-centered   '><h3 class='av-special-heading-tag '  itemprop=\"headline\"  >SYNERGIEN<\/h3><div class='special-heading-border'><div class='special-heading-inner-border' style='border-color:#ffffff'><\/div><\/div><\/div><br \/>\n<div style='height:20px' class='hr hr-invisible  '><span class='hr-inner ' ><span class='hr-inner-style'><\/span><\/span><\/div><br \/>\n<section class=\"av_textblock_section \"  itemscope=\"itemscope\" itemtype=\"https:\/\/schema.org\/CreativeWork\" ><div class='avia_textblock  av_inherit_color '  style='color:#ffffff; '  itemprop=\"text\" ><h4 style=\"text-align: center;\"><strong>Patienten und \u00c4rzte profitieren<\/strong><\/h4>\n<p style=\"text-align: center;\">Die Niederlassung in einem kooperativen \u00c4rztehaus bietet viele Vorteile sowohl im medizinischen als auch im Verwaltungs- und organisatorischen Bereich. Die Kooperation kann Einzel- und Gemeinschaftspraxen wie auch MVZ umfassen.<\/p>\n<\/div><\/section><br \/>\n<div style='height:8px' class='hr hr-invisible  '><span class='hr-inner ' ><span class='hr-inner-style'><\/span><\/span><\/div><br \/>\n<div class='avia-button-wrap avia-button-center '><a href='https:\/\/renta-med.de\/cms-2017\/gesundheitsimmobilien\/' class='avia-button   avia-icon_select-no avia-color-light avia-size-medium avia-position-center '   ><span class='avia_iconbox_title' >Kooperation im \u00c4rztehaus<\/span><\/a><\/div><\/p><\/div><\/div><!--close column table wrapper. Autoclose: 1 --><\/div><\/div><\/div><!-- close content main div --><\/div><\/div><div id='after_section_1' class='main_color av_default_container_wrap container_wrap sidebar_right'   ><div class='container' ><div class='template-page content  av-content-small alpha units'><div class='post-entry post-entry-type-page post-entry-330'><div class='entry-content-wrapper clearfix'><\/div><\/div><\/div><!-- close content main div --><\/div><\/div><div id='av_section_2' class='avia-section main_color avia-section-huge avia-no-border-styling avia-bg-style-scroll   container_wrap sidebar_right'   ><div class='container' ><div class='template-page content  av-content-small alpha units'><div class='post-entry post-entry-type-page post-entry-330'><div class='entry-content-wrapper clearfix'>\n<div class=\"flex_column av_one_half  flex_column_div first  \" style='margin-top:-200px; margin-bottom:-200px; padding:40px; background-color:#9f2134; border-radius:0px; '><p><span class=\"av_font_icon avia_animate_when_visible  av-icon-style-  avia-icon-pos-center \" style=\"color:#ffffff; border-color:#ffffff;\"><span class='av-icon-char' style='font-size:60px;line-height:60px;' aria-hidden='true' data-av_icon='\ue856' data-av_iconfont='entypo-fontello' ><\/span><\/span><br \/>\n<div style='padding-bottom:10px;color:#ffffff;' class='av-special-heading av-special-heading-h3 custom-color-heading blockquote modern-quote modern-centered  '><h3 class='av-special-heading-tag '  itemprop=\"headline\"  >RENTAmed<\/h3><div class='special-heading-border'><div class='special-heading-inner-border' style='border-color:#ffffff'><\/div><\/div><\/div><br \/>\n<div style='height:20px' class='hr hr-invisible  '><span class='hr-inner ' ><span class='hr-inner-style'><\/span><\/span><\/div><br \/>\n<section class=\"av_textblock_section \"  itemscope=\"itemscope\" itemtype=\"https:\/\/schema.org\/CreativeWork\" ><div class='avia_textblock  av_inherit_color '  style='color:#ffffff; '  itemprop=\"text\" ><h4 style=\"text-align: center;\"><strong>Unsere Leistung: <\/strong><strong>&#8222;100%\u00a0\u00c4rztehaus&#8220;<\/strong><\/h4>\n<p style=\"text-align: center;\">Von der ersten Idee an ist RENTAmed Ihr Partner bei der Realisierung eines neuen \u00c4rztehaus-Projekts. Die Ber\u00fccksichtigung der Standortfaktoren wie auch der Zielsetzungen der Beteiligten bestimmen die Projektarbeit von Anfang an.<\/p>\n<\/div><\/section><br \/>\n<div style='height:8px' class='hr hr-invisible  '><span class='hr-inner ' ><span class='hr-inner-style'><\/span><\/span><\/div><br \/>\n<div class='avia-button-wrap avia-button-center '><a href='https:\/\/renta-med.de\/cms-2017\/leistungsspektrum\/' class='avia-button   avia-icon_select-no avia-color-light avia-size-medium avia-position-center '   ><span class='avia_iconbox_title' >Leistungsspektrum<\/span><\/a><\/div><\/p><\/div><div class=\"flex_column av_one_half  flex_column_div   \" style='margin-top:-200px; margin-bottom:-200px; padding:40px; background-color:#9f2134; border-radius:0px; '><p><span class=\"av_font_icon avia_animate_when_visible  av-icon-style-  avia-icon-pos-center \" style=\"color:#ffffff; border-color:#ffffff;\"><span class='av-icon-char' style='font-size:60px;line-height:60px;' aria-hidden='true' data-av_icon='\ue80b' data-av_iconfont='entypo-fontello' ><\/span><\/span><br \/>\n<div style='padding-bottom:10px;color:#ffffff;' class='av-special-heading av-special-heading-h3 custom-color-heading blockquote modern-quote modern-centered   '><h3 class='av-special-heading-tag '  itemprop=\"headline\"  >MANAGEMENT<\/h3><div class='special-heading-border'><div class='special-heading-inner-border' style='border-color:#ffffff'><\/div><\/div><\/div><br \/>\n<div style='height:20px' class='hr hr-invisible  '><span class='hr-inner ' ><span class='hr-inner-style'><\/span><\/span><\/div><br \/>\n<section class=\"av_textblock_section \"  itemscope=\"itemscope\" itemtype=\"https:\/\/schema.org\/CreativeWork\" ><div class='avia_textblock  av_inherit_color '  style='color:#ffffff; '  itemprop=\"text\" ><h4 style=\"text-align: center;\"><strong>Dienstleistungen &amp; Service<\/strong><\/h4>\n<p style=\"text-align: center;\">RENTAmed entwickelt und realisiert Betriebskonzepte f\u00fcr Gesundheitzentren. Die Mitwirkung der beteiligten Partner ist hierbei essentiell f\u00fcr eine erfolgreiche Umsetzung. Individuelle Entwicklungsm\u00f6glichkeiten inbegriffen.<\/p>\n<\/div><\/section><br \/>\n<div style='height:8px' class='hr hr-invisible  '><span class='hr-inner ' ><span class='hr-inner-style'><\/span><\/span><\/div><br \/>\n<div class='avia-button-wrap avia-button-center '><a href='https:\/\/renta-med.de\/cms-2017\/betrieb-management\/' class='avia-button   avia-icon_select-no avia-color-light avia-size-medium avia-position-center '   ><span class='avia_iconbox_title' > Betrieb &amp; Management<\/span><\/a><\/div><\/p><\/div>\n<\/div><\/div><\/div><!-- close content main div --><\/div><\/div><div id='after_section_2' class='main_color av_default_container_wrap container_wrap sidebar_right'   ><div class='container' ><div class='template-page content  av-content-small alpha units'><div class='post-entry post-entry-type-page post-entry-330'><div class='entry-content-wrapper clearfix'><\/p>\n<\/div><\/div><\/div><!-- close content main div --><\/div><\/div><div id='av_section_3' class='avia-section main_color avia-section-huge avia-no-border-styling avia-bg-style-scroll   container_wrap sidebar_right'   ><div class='container' ><div class='template-page content  av-content-small alpha units'><div class='post-entry post-entry-type-page post-entry-330'><div class='entry-content-wrapper clearfix'>\n<div class=\"flex_column av_one_full  av-animated-generic bottom-to-top  flex_column_div av-zero-column-padding first  \" style='margin-top:0px; margin-bottom:0px; border-radius:0px; '><p><div style='padding-bottom:20px;font-size:34px;' class='av-special-heading av-special-heading-h3  blockquote modern-quote   av-inherit-size '><h3 class='av-special-heading-tag '  itemprop=\"headline\"  >RENTAmed<\/h3><div class ='av-subheading av-subheading_below  ' style='font-size:15px;'><p>Investor und Projektentwickler f\u00fcr Gesundheitsimmobilien<\/p>\n<\/div><div class='special-heading-border'><div class='special-heading-inner-border' ><\/div><\/div><\/div><br \/>\n<section class=\"av_textblock_section \"  itemscope=\"itemscope\" itemtype=\"https:\/\/schema.org\/CreativeWork\" ><div class='avia_textblock  '   itemprop=\"text\" ><p style=\"text-align: justify;\">RENTAmed ist erfolgreicher Investor und Projektentwickler f\u00fcr Gesundheitsimmobilien. Schwerpunkt ist\u00a0seit Mitte der 90er Jahre die Entwicklung neuer und die Umgestaltung bestehender \u00c4rzteh\u00e4user zu modernen Gesundheitszentren. Realisierte Projekte in <a href=\"https:\/\/renta-med.de\/cms-2017\/referenzen\/wohnturm\/\">Berlin<\/a>, <a href=\"https:\/\/renta-med.de\/cms-2017\/schwerin-weststadt\/\">Schwerin<\/a> oder <a href=\"https:\/\/renta-med.de\/cms-2017\/duisburg-gzs\/\">Duisburg\u00a0<\/a>sind Beispiele hierf\u00fcr. Neue Projekte werden aus der Sichtweise einer funktional optimierten Praxiskonzeption mit den Nutzern geplant und professionell realisiert.<\/p>\n<p style=\"text-align: justify;\"><strong>RENTAmed ist mehr als nur ein Investor.<\/strong> Wir unterst\u00fctzen alle Interessenten\u00a0sowohl bei der <a href=\"https:\/\/renta-med.de\/cms-2017\/konzeption-planung\/\">inhaltlichen Konzeption<\/a> als auch bei der <a href=\"https:\/\/renta-med.de\/cms-2017\/kapital-realisierung\/\">Realisierung<\/a> und im <a href=\"https:\/\/renta-med.de\/cms-2017\/betrieb-management\/\">Betrieb<\/a>\u00a0der Gesundheitszentren. Wir sehen uns als <strong>Partner f\u00fcr Heilberufe<\/strong> und schaffen optimale Rahmenbedingungen f\u00fcr eine patientenorientierte Behandlung. Alle Leistungen werden von uns erbracht bzw. koordiniert und mit voller Verantwortung aus einer Hand abgesichert.<\/p>\n<p style=\"text-align: justify;\">Nutzen Sie unsere Erfahrungen und beziehen Sie uns fr\u00fchzeitig in Ihre \u00dcberlegungen mit ein: <a href=\"https:\/\/renta-med.de\/cms-2017\/kontakt\/\">Ihr Kontakt zur RENTAmed<\/a><\/p>\n<\/div><\/section><\/p><\/div>\n<\/div><\/div><\/div><!-- close content main div --><\/div><\/div><div id='after_section_3' class='main_color av_default_container_wrap container_wrap sidebar_right'   ><div class='container' ><div class='template-page content  av-content-small alpha units'><div class='post-entry post-entry-type-page post-entry-330'><div class='entry-content-wrapper clearfix'>\n","protected":false},"excerpt":{"rendered":"","protected":false},"author":1,"featured_media":0,"parent":0,"menu_order":0,"comment_status":"closed","ping_status":"open","template":"","meta":[],"_links":{"self":[{"href":"https:\/\/renta-med.de\/cms-2017\/wp-json\/wp\/v2\/pages\/330"}],"collection":[{"href":"https:\/\/renta-med.de\/cms-2017\/wp-json\/wp\/v2\/pages"}],"about":[{"href":"https:\/\/renta-med.de\/cms-2017\/wp-json\/wp\/v2\/types\/page"}],"author":[{"embeddable":true,"href":"https:\/\/renta-med.de\/cms-2017\/wp-json\/wp\/v2\/users\/1"}],"replies":[{"embeddable":true,"href":"https:\/\/renta-med.de\/cms-2017\/wp-json\/wp\/v2\/comments?post=330"}],"version-history":[{"count":10,"href":"https:\/\/renta-med.de\/cms-2017\/wp-json\/wp\/v2\/pages\/330\/revisions"}],"predecessor-version":[{"id":2063,"href":"https:\/\/renta-med.de\/cms-2017\/wp-json\/wp\/v2\/pages\/330\/revisions\/2063"}],"wp:attachment":[{"href":"https:\/\/renta-med.de\/cms-2017\/wp-json\/wp\/v2\/media?parent=330"}],"curies":[{"name":"wp","href":"https:\/\/api.w.org\/{rel}","templated":true}]}}